{"id":943,"date":"2023-12-18T12:12:00","date_gmt":"2023-12-18T15:12:00","guid":{"rendered":"https:\/\/adotaiamazonia.com.br\/?post_type=product&#038;p=943"},"modified":"2024-03-03T05:05:30","modified_gmt":"2024-03-03T08:05:30","slug":"tachi","status":"publish","type":"product","link":"https:\/\/adotaiamazonia.com.br\/en\/arvore\/tachi\/","title":{"rendered":"Tach\u00ed"},"content":{"rendered":"<p>Uso: Madeira para produ\u00e7\u00e3o de energia, podendo chegar a 25m c\u00fabicos por ano.<\/p>\n<p>com poder calor\u00edfico compat\u00edvel com o de esp\u00e9cies tradicionalmente utilizadas, como o eucalipto e tamb\u00e9m a forte aptid\u00e3o para a recupera\u00e7\u00e3o de solos degradados, pelo r\u00e1pido crescimento, produ\u00e7\u00e3o intensa de serrapilheira &#8211; camada acima do solo, rica em nutrientes, formada por mat\u00e9ria org\u00e2nica em diferentes fases de decomposi\u00e7\u00e3o.<\/p>","protected":false},"excerpt":{"rendered":"<p>Uso: Madeira para produ\u00e7\u00e3o de energia, podendo chegar a 25m c\u00fabicos por ano. com poder calor\u00edfico compat\u00edvel com o de esp\u00e9cies tradicionalmente utilizadas, como o eucalipto e tamb\u00e9m a forte aptid\u00e3o para a recupera\u00e7\u00e3o de solos degradados, pelo r\u00e1pido crescimento, produ\u00e7\u00e3o intensa de serrapilheira &#8211; camada acima do solo, rica em nutrientes, formada por mat\u00e9ria [&hellip;]<\/p>","protected":false},"featured_media":1046,"template":"","meta":{"_acf_changed":false},"product_cat":[21],"product_tag":[],"class_list":{"0":"post-943","1":"product","2":"type-product","3":"status-publish","4":"has-post-thumbnail","6":"product_cat-arvores","8":"first","9":"instock","10":"shipping-taxable","11":"purchasable","12":"product-type-variable-subscription"},"acf":[],"_links":{"self":[{"href":"https:\/\/adotaiamazonia.com.br\/en\/wp-json\/wp\/v2\/product\/943","targetHints":{"allow":["GET"]}}],"collection":[{"href":"https:\/\/adotaiamazonia.com.br\/en\/wp-json\/wp\/v2\/product"}],"about":[{"href":"https:\/\/adotaiamazonia.com.br\/en\/wp-json\/wp\/v2\/types\/product"}],"wp:featuredmedia":[{"embeddable":true,"href":"https:\/\/adotaiamazonia.com.br\/en\/wp-json\/wp\/v2\/media\/1046"}],"wp:attachment":[{"href":"https:\/\/adotaiamazonia.com.br\/en\/wp-json\/wp\/v2\/media?parent=943"}],"wp:term":[{"taxonomy":"product_cat","embeddable":true,"href":"https:\/\/adotaiamazonia.com.br\/en\/wp-json\/wp\/v2\/product_cat?post=943"},{"taxonomy":"product_tag","embeddable":true,"href":"https:\/\/adotaiamazonia.com.br\/en\/wp-json\/wp\/v2\/product_tag?post=943"}],"curies":[{"name":"wp","href":"https:\/\/api.w.org\/{rel}","templated":true}]}}