{"id":941,"date":"2023-12-18T12:10:00","date_gmt":"2023-12-18T15:10:00","guid":{"rendered":"https:\/\/adotaiamazonia.com.br\/?post_type=product&#038;p=941"},"modified":"2024-03-03T05:05:30","modified_gmt":"2024-03-03T08:05:30","slug":"marupa","status":"publish","type":"product","link":"https:\/\/adotaiamazonia.com.br\/en\/arvore\/marupa\/","title":{"rendered":"Marup\u00e1"},"content":{"rendered":"<p>s\u00e3o plantas lenhosas com folhas alternas espiraladas, desprovidas de est\u00edpulaUso medicinal de algumas esp\u00e9cies que possuem compostos amargos como no caso de alguma das esp\u00e9cies dos g\u00eaneros Quassia e Picrasma; e no uso da madeira do marup\u00e1 (Simarouba amara). Provavelmente tais subst\u00e2ncias amargas conferem propriedades medicinais \u00e0 estas plantas. A presen\u00e7a das subst\u00e2ncias denominadas quassin\u00f3ides \u00e9 exclusiva dessa familia. Pesquisas recentes demonstram que o potencial anti-mal\u00e1ria do quissan\u00f3ide (orinocinolide) \u00e9 presente na Simaba orinocensis, uma vez que possuem compostos de car\u00e1ter terap\u00eautico (Eurycoma longifolia). Todas as esp\u00e9cies de Simaba s\u00e3o utilizadas para medicina popular como antifebr\u00edfugo, antidiarreico, anti-reum\u00e1tico e contrahidropisia. Tamb\u00e9m existem estudos que incentivam a pesquisa aprofundada dos compostos qu\u00edmicos de certas esp\u00e9cies, uma vez que extratos de A. excelsa demonstraram um significante poder de atua\u00e7\u00e3o antioxidante e atiproliferativo, que pode ser aplicado para inibir processos de carcinog\u00eanese, como inicia\u00e7\u00e3o, promo\u00e7\u00e3o e progress\u00e3o de um tumor. Na biotecnologia, esp\u00e9cies dessa fam\u00edlia tamb\u00e9m apresentam utilidade como marcadores de microssat\u00e9lite (totalizando 18 marcadores), obtidos a partir da esp\u00e9cie\u00a0 Eurycoma longifolia, para a\u00a0 cria\u00e7\u00e3o de perfis de DNA em estudos de diversidade gen\u00e9tica. Ainda, algumas esp\u00e9cies s\u00e3o usadas no ramo ornamental: a \u00e1rvore-do-para\u00edso do g\u00eanero Ailanthuse o marup\u00e1 (Simarouba).<\/p>","protected":false},"excerpt":{"rendered":"<p>s\u00e3o plantas lenhosas com folhas alternas espiraladas, desprovidas de est\u00edpulaUso medicinal de algumas esp\u00e9cies que possuem compostos amargos como no caso de alguma das esp\u00e9cies dos g\u00eaneros Quassia e Picrasma; e no uso da madeira do marup\u00e1 (Simarouba amara). Provavelmente tais subst\u00e2ncias amargas conferem propriedades medicinais \u00e0 estas plantas. A presen\u00e7a das subst\u00e2ncias denominadas quassin\u00f3ides [&hellip;]<\/p>","protected":false},"featured_media":1037,"template":"","meta":{"_acf_changed":false},"product_cat":[21],"product_tag":[],"class_list":{"0":"post-941","1":"product","2":"type-product","3":"status-publish","4":"has-post-thumbnail","6":"product_cat-arvores","8":"first","9":"instock","10":"shipping-taxable","11":"purchasable","12":"product-type-variable-subscription"},"acf":[],"_links":{"self":[{"href":"https:\/\/adotaiamazonia.com.br\/en\/wp-json\/wp\/v2\/product\/941","targetHints":{"allow":["GET"]}}],"collection":[{"href":"https:\/\/adotaiamazonia.com.br\/en\/wp-json\/wp\/v2\/product"}],"about":[{"href":"https:\/\/adotaiamazonia.com.br\/en\/wp-json\/wp\/v2\/types\/product"}],"wp:featuredmedia":[{"embeddable":true,"href":"https:\/\/adotaiamazonia.com.br\/en\/wp-json\/wp\/v2\/media\/1037"}],"wp:attachment":[{"href":"https:\/\/adotaiamazonia.com.br\/en\/wp-json\/wp\/v2\/media?parent=941"}],"wp:term":[{"taxonomy":"product_cat","embeddable":true,"href":"https:\/\/adotaiamazonia.com.br\/en\/wp-json\/wp\/v2\/product_cat?post=941"},{"taxonomy":"product_tag","embeddable":true,"href":"https:\/\/adotaiamazonia.com.br\/en\/wp-json\/wp\/v2\/product_tag?post=941"}],"curies":[{"name":"wp","href":"https:\/\/api.w.org\/{rel}","templated":true}]}}