{"id":939,"date":"2023-12-18T12:04:00","date_gmt":"2023-12-18T15:04:00","guid":{"rendered":"https:\/\/adotaiamazonia.com.br\/?post_type=product&#038;p=939"},"modified":"2024-03-03T05:05:31","modified_gmt":"2024-03-03T08:05:31","slug":"carapanauba-2","status":"publish","type":"product","link":"https:\/\/adotaiamazonia.com.br\/en\/arvore\/carapanauba-2\/","title":{"rendered":"Carapana\u00faba 2"},"content":{"rendered":"<p>Esp\u00e9cie arb\u00f3rea, atinge altura de 20 a 24 m e di\u00e2metro de 40 a 65 cm. Madeira pesada e dura ao corte na sec\u00e7\u00e3o transversal, cerne e alburno indistintos de colora\u00e7\u00e3o castanho rosado, aspecto fibroso atenuado, gr\u00e3 irregular e textura fina. Folhas simples, alternas, grandes, cori\u00e1ceas, el\u00edpticas a oblongoel\u00edpticas. Infloresc\u00eancia lateral, flores alvas ou esverdeadas, densamente cobertas de tomentos (pequenos pelos) amarelos por fora. O fruto \u00e9 fol\u00edculo (seco, deiscente) obovado, verrucoso (apresenta sali\u00eancias em forma de verruga). O nome carapana\u00faba origina-se do tupi &#8220;casa de carapan\u00e3&#8221;. Carapan\u00e3 (ou muri\u00e7oca) \u00e9 um mosquito que prolifera na \u00e1gua que acumula nas reentr\u00e2ncias da casca desta \u00e1rvore.<\/p>\n<p>Uso popular e medicinal :Apresenta v\u00e1rias utilidades terap\u00eauticas, algumas j\u00e1 reconhecidas pela pesquisa cient\u00edfica. A casca serve para fazer um ch\u00e1 recomendado em ferimentos e inflama\u00e7\u00e3o. Rem\u00e9dio para mal\u00e1ria, problemas digestivo, de f\u00edgado, inflama\u00e7\u00e3o de ba\u00e7o e p\u00e2ncreas e junto com outras plantas para problemas renais.Considerada \u00e1rvore-s\u00edmbolo da medicina tradicional da Amaz\u00f4nia.Devido a maleabilidade da madeira, no passado foi muita usada para fabrica\u00e7\u00e3o de utens\u00edlios: remo, colher de pau etc. Indicada para inflama\u00e7\u00e3o uterina que em muitos casos vem acompanhada de corrimento. Colocar cascas da \u00e1rvore em um recipiente com \u00e1gua, deixar 24h,\u00a0 ficando muito amarga, beber meio copo e repor a \u00e1gua bebida. Nos primeiros dias, a inflama\u00e7\u00e3o desaparece, mas antes pode ocorrer um efeito conhecido como &#8220;crise curativa&#8221; (aumento do sintomas), que \u00e9 o processo de limpeza (cura).<\/p>","protected":false},"excerpt":{"rendered":"<p>Esp\u00e9cie arb\u00f3rea, atinge altura de 20 a 24 m e di\u00e2metro de 40 a 65 cm. Madeira pesada e dura ao corte na sec\u00e7\u00e3o transversal, cerne e alburno indistintos de colora\u00e7\u00e3o castanho rosado, aspecto fibroso atenuado, gr\u00e3 irregular e textura fina. Folhas simples, alternas, grandes, cori\u00e1ceas, el\u00edpticas a oblongoel\u00edpticas. Infloresc\u00eancia lateral, flores alvas ou esverdeadas, [&hellip;]<\/p>","protected":false},"featured_media":1027,"template":"","meta":{"_acf_changed":false},"product_cat":[21],"product_tag":[],"class_list":{"0":"post-939","1":"product","2":"type-product","3":"status-publish","4":"has-post-thumbnail","6":"product_cat-arvores","8":"first","9":"instock","10":"shipping-taxable","11":"purchasable","12":"product-type-variable-subscription"},"acf":[],"_links":{"self":[{"href":"https:\/\/adotaiamazonia.com.br\/en\/wp-json\/wp\/v2\/product\/939","targetHints":{"allow":["GET"]}}],"collection":[{"href":"https:\/\/adotaiamazonia.com.br\/en\/wp-json\/wp\/v2\/product"}],"about":[{"href":"https:\/\/adotaiamazonia.com.br\/en\/wp-json\/wp\/v2\/types\/product"}],"wp:featuredmedia":[{"embeddable":true,"href":"https:\/\/adotaiamazonia.com.br\/en\/wp-json\/wp\/v2\/media\/1027"}],"wp:attachment":[{"href":"https:\/\/adotaiamazonia.com.br\/en\/wp-json\/wp\/v2\/media?parent=939"}],"wp:term":[{"taxonomy":"product_cat","embeddable":true,"href":"https:\/\/adotaiamazonia.com.br\/en\/wp-json\/wp\/v2\/product_cat?post=939"},{"taxonomy":"product_tag","embeddable":true,"href":"https:\/\/adotaiamazonia.com.br\/en\/wp-json\/wp\/v2\/product_tag?post=939"}],"curies":[{"name":"wp","href":"https:\/\/api.w.org\/{rel}","templated":true}]}}