{"id":936,"date":"2023-12-18T11:55:00","date_gmt":"2023-12-18T14:55:00","guid":{"rendered":"https:\/\/adotaiamazonia.com.br\/?post_type=product&#038;p=936"},"modified":"2024-03-03T05:05:31","modified_gmt":"2024-03-03T08:05:31","slug":"inhare","status":"publish","type":"product","link":"https:\/\/adotaiamazonia.com.br\/en\/arvore\/inhare\/","title":{"rendered":"Inhar\u00e9"},"content":{"rendered":"<p>INHAR\u00c9 vem duma l\u00edngua ind\u00edgena cuja etimologia e significado ainda n\u00e3o\u00a0foi\u00a0descoberto. Tamb\u00e9m \u00e9 conhecida como Amora vermelha da Amaz\u00f4nia, Fruta de Pomba, M\u00e3o de on\u00e7a, Inhar\u00e9-vermelho, Pau de chicle, P\u00e9 de on\u00e7a e Pombal. Tamb\u00e9m recebe o nome de Caucho na Bol\u00edvia onde tamb\u00e9m ocorre.<\/p>\n<p>Na natureza essa esp\u00e9cie forma uma arvore com tronco \u00fanico e atinge at\u00e9 25 m de altura; mais quando cultivada a pleno sol produz troncos m\u00faltiplos e raramente cresce mais do que 4 m de altura rem clima subtropical. A copa \u00e9 aberta com galhos espa\u00e7ados e crescem paralelamente na horizontal, o tronco \u00e9 cinzento esbranqui\u00e7ado e os ramos mais novos s\u00e3o amarronzados e tomentosos (cobertos de lanugem branca) o que a distingue da Castilla el\u00e1stica. O tronco e ramos quando cortados exsudam l\u00e1tex branco. No passado foi muito utilizada para se extrair um l\u00e1tex utilizado para fazer goma de mascar o que causou uma dr\u00e1stica diminui\u00e7\u00e3o e morte das popula\u00e7\u00f5es naturais.<\/p>","protected":false},"excerpt":{"rendered":"<p>INHAR\u00c9 vem duma l\u00edngua ind\u00edgena cuja etimologia e significado ainda n\u00e3o\u00a0foi\u00a0descoberto. Tamb\u00e9m \u00e9 conhecida como Amora vermelha da Amaz\u00f4nia, Fruta de Pomba, M\u00e3o de on\u00e7a, Inhar\u00e9-vermelho, Pau de chicle, P\u00e9 de on\u00e7a e Pombal. Tamb\u00e9m recebe o nome de Caucho na Bol\u00edvia onde tamb\u00e9m ocorre. Na natureza essa esp\u00e9cie forma uma arvore com tronco \u00fanico [&hellip;]<\/p>","protected":false},"featured_media":1020,"template":"","meta":{"_acf_changed":false},"product_cat":[21],"product_tag":[],"class_list":{"0":"post-936","1":"product","2":"type-product","3":"status-publish","4":"has-post-thumbnail","6":"product_cat-arvores","8":"first","9":"instock","10":"shipping-taxable","11":"purchasable","12":"product-type-variable-subscription"},"acf":[],"_links":{"self":[{"href":"https:\/\/adotaiamazonia.com.br\/en\/wp-json\/wp\/v2\/product\/936","targetHints":{"allow":["GET"]}}],"collection":[{"href":"https:\/\/adotaiamazonia.com.br\/en\/wp-json\/wp\/v2\/product"}],"about":[{"href":"https:\/\/adotaiamazonia.com.br\/en\/wp-json\/wp\/v2\/types\/product"}],"wp:featuredmedia":[{"embeddable":true,"href":"https:\/\/adotaiamazonia.com.br\/en\/wp-json\/wp\/v2\/media\/1020"}],"wp:attachment":[{"href":"https:\/\/adotaiamazonia.com.br\/en\/wp-json\/wp\/v2\/media?parent=936"}],"wp:term":[{"taxonomy":"product_cat","embeddable":true,"href":"https:\/\/adotaiamazonia.com.br\/en\/wp-json\/wp\/v2\/product_cat?post=936"},{"taxonomy":"product_tag","embeddable":true,"href":"https:\/\/adotaiamazonia.com.br\/en\/wp-json\/wp\/v2\/product_tag?post=936"}],"curies":[{"name":"wp","href":"https:\/\/api.w.org\/{rel}","templated":true}]}}