{"id":923,"date":"2023-12-18T10:12:00","date_gmt":"2023-12-18T13:12:00","guid":{"rendered":"https:\/\/adotaiamazonia.com.br\/?post_type=product&#038;p=923"},"modified":"2024-03-03T05:05:36","modified_gmt":"2024-03-03T08:05:36","slug":"ipe-roxo","status":"publish","type":"product","link":"https:\/\/adotaiamazonia.com.br\/en\/arvore\/ipe-roxo\/","title":{"rendered":"Ip\u00ea-roxo"},"content":{"rendered":"<p>\u00c1rvore de porte mediano com 20 a 35 m de altura, de tronco grosso. Folhas compostas digitadas de 5 fol\u00edolos. Flores vistosas rosadas ou roxas cobrindo quase toda a planta que fica completamente sem folhas durante a flora\u00e7\u00e3o. As plantas d\u00e3o vagens longa suspensas contendo numerosas sementes de setembro para outubro. As sementes s\u00e3o aladas. A madeira \u00e9 valiosa para a constru\u00e7\u00e3o geral e marcenaria.<\/p>\n<p><b>Partes usadas:\u00a0<\/b>Cascas.<\/p>\n<p><b>Uso popular:\u00a0<\/b>Diur\u00e9tico, adstringente, anti-infeccioso, antif\u00fangico. \u00c9 usado no tratamento caseiro de impetigo, c\u00e2ncer de pele, lupus, doen\u00e7a de Parkinson, psor\u00edase e alergias.<\/p>\n<p><b>Composi\u00e7\u00e3o qu\u00edmica:\u00a0<\/b>As naftoquinonas lapachol, B-lapachona e xiloidona s\u00e3o consideradas important\u00edssimas. O Ip\u00ea-roxo tamb\u00e9m cont\u00e9m quercetinas, lapachenol, carnosol, indol, coenzyma Q, alcal\u00f3ides como tecomina, \u00e1cidos hidroxibenz\u00f3icos, e saponinas. Naftoquinonas (lapachol, lapachona e derivados), lapachenol, quercetina e o \u00e1cido hidroxibenz\u00f3ico.<\/p>\n<p><b>A\u00e7\u00f5es farmacol\u00f3gicas:\u00a0<\/b>O lapachol e outras subst\u00e2ncias isoladas,apresentaram, em ensaios biol\u00f3gicos, atividade antineopl\u00e1sica, antimicrobiana, anti-inflamat\u00f3ria e anticoagulante.<\/p>\n<p>O Ip\u00ea-roxo tamb\u00e9m demonstra atividades anti-parasit\u00e1ria e anti-virais, e tem se mostrado efetivo como fungicida no tratamento de infesta\u00e7\u00f5es por Candida albicans e micoses.<\/p>","protected":false},"excerpt":{"rendered":"<p>\u00c1rvore de porte mediano com 20 a 35 m de altura, de tronco grosso. Folhas compostas digitadas de 5 fol\u00edolos. Flores vistosas rosadas ou roxas cobrindo quase toda a planta que fica completamente sem folhas durante a flora\u00e7\u00e3o. As plantas d\u00e3o vagens longa suspensas contendo numerosas sementes de setembro para outubro. As sementes s\u00e3o aladas. [&hellip;]<\/p>","protected":false},"featured_media":987,"template":"","meta":{"_acf_changed":false},"product_cat":[21],"product_tag":[],"class_list":{"0":"post-923","1":"product","2":"type-product","3":"status-publish","4":"has-post-thumbnail","6":"product_cat-arvores","8":"first","9":"instock","10":"shipping-taxable","11":"purchasable","12":"product-type-variable-subscription"},"acf":[],"_links":{"self":[{"href":"https:\/\/adotaiamazonia.com.br\/en\/wp-json\/wp\/v2\/product\/923","targetHints":{"allow":["GET"]}}],"collection":[{"href":"https:\/\/adotaiamazonia.com.br\/en\/wp-json\/wp\/v2\/product"}],"about":[{"href":"https:\/\/adotaiamazonia.com.br\/en\/wp-json\/wp\/v2\/types\/product"}],"wp:featuredmedia":[{"embeddable":true,"href":"https:\/\/adotaiamazonia.com.br\/en\/wp-json\/wp\/v2\/media\/987"}],"wp:attachment":[{"href":"https:\/\/adotaiamazonia.com.br\/en\/wp-json\/wp\/v2\/media?parent=923"}],"wp:term":[{"taxonomy":"product_cat","embeddable":true,"href":"https:\/\/adotaiamazonia.com.br\/en\/wp-json\/wp\/v2\/product_cat?post=923"},{"taxonomy":"product_tag","embeddable":true,"href":"https:\/\/adotaiamazonia.com.br\/en\/wp-json\/wp\/v2\/product_tag?post=923"}],"curies":[{"name":"wp","href":"https:\/\/api.w.org\/{rel}","templated":true}]}}