{"id":922,"date":"2023-12-18T10:08:00","date_gmt":"2023-12-18T13:08:00","guid":{"rendered":"https:\/\/adotaiamazonia.com.br\/?post_type=product&#038;p=922"},"modified":"2024-03-03T05:05:36","modified_gmt":"2024-03-03T08:05:36","slug":"mulungu","status":"publish","type":"product","link":"https:\/\/adotaiamazonia.com.br\/en\/arvore\/mulungu\/","title":{"rendered":"Mulungu"},"content":{"rendered":"<p>Conhecida pelos nomes comuns de murungu, mulungu-coral, molungo, etc, \u00e9 uma esp\u00e9cie de \u00e1rvores da fam\u00edlia Fabaceae e g\u00eanero Erythrina<\/p>\n<p>Os compostos ativos presentes nos extratos da planta s\u00e3o a tetra-hidro-isoquinolina e os alcal\u00f3ides eritravina e (+)-11\u03b1-hidroxi-eritravina. Estudos mostram que a planta possui propriedades sedativas, ansiol\u00edticas e anticonvulsivas. V\u00e1rias esp\u00e9cies de \u00e1rvores do g\u00e9nero Erythrina s\u00e3o usadas pelos povos ind\u00edgenas da bacia do Amazonas como plantas medicinais, para produ\u00e7\u00e3o de insecticidas e como veneno para peixes. A utiliza\u00e7\u00e3o para fins medicinais \u00e9 em geral feita sob a forma de tintura ou por decoc\u00e7\u00e3o da casca ou folhas. Na medicina tradicional brasileira estes preparados s\u00e3o utilizados como sedativo, para acalmar situa\u00e7\u00f5es de nervosidade excessiva, combater a ins\u00f3nia e a depress\u00e3o e para baixar a press\u00e3o sangu\u00ednea. Preparados de E. mulungu s\u00e3o comercializados no Brasil, mas s\u00e3o incomuns na Am\u00e9rica do Norte e quase desconhecidos na Europa, regi\u00f5es onde apenas aparecem raramente como parte de f\u00f3rmulas de ervan\u00e1ria utilizadas no combate \u00e0 ansiedade e depress\u00e3o.<\/p>","protected":false},"excerpt":{"rendered":"<p>Conhecida pelos nomes comuns de murungu, mulungu-coral, molungo, etc, \u00e9 uma esp\u00e9cie de \u00e1rvores da fam\u00edlia Fabaceae e g\u00eanero Erythrina Os compostos ativos presentes nos extratos da planta s\u00e3o a tetra-hidro-isoquinolina e os alcal\u00f3ides eritravina e (+)-11\u03b1-hidroxi-eritravina. Estudos mostram que a planta possui propriedades sedativas, ansiol\u00edticas e anticonvulsivas. V\u00e1rias esp\u00e9cies de \u00e1rvores do g\u00e9nero Erythrina [&hellip;]<\/p>","protected":false},"featured_media":986,"template":"","meta":{"_acf_changed":false},"product_cat":[21],"product_tag":[],"class_list":{"0":"post-922","1":"product","2":"type-product","3":"status-publish","4":"has-post-thumbnail","6":"product_cat-arvores","8":"first","9":"instock","10":"shipping-taxable","11":"purchasable","12":"product-type-variable-subscription"},"acf":[],"_links":{"self":[{"href":"https:\/\/adotaiamazonia.com.br\/en\/wp-json\/wp\/v2\/product\/922","targetHints":{"allow":["GET"]}}],"collection":[{"href":"https:\/\/adotaiamazonia.com.br\/en\/wp-json\/wp\/v2\/product"}],"about":[{"href":"https:\/\/adotaiamazonia.com.br\/en\/wp-json\/wp\/v2\/types\/product"}],"wp:featuredmedia":[{"embeddable":true,"href":"https:\/\/adotaiamazonia.com.br\/en\/wp-json\/wp\/v2\/media\/986"}],"wp:attachment":[{"href":"https:\/\/adotaiamazonia.com.br\/en\/wp-json\/wp\/v2\/media?parent=922"}],"wp:term":[{"taxonomy":"product_cat","embeddable":true,"href":"https:\/\/adotaiamazonia.com.br\/en\/wp-json\/wp\/v2\/product_cat?post=922"},{"taxonomy":"product_tag","embeddable":true,"href":"https:\/\/adotaiamazonia.com.br\/en\/wp-json\/wp\/v2\/product_tag?post=922"}],"curies":[{"name":"wp","href":"https:\/\/api.w.org\/{rel}","templated":true}]}}