{"id":919,"date":"2023-12-18T10:01:00","date_gmt":"2023-12-18T13:01:00","guid":{"rendered":"https:\/\/adotaiamazonia.com.br\/?post_type=product&#038;p=919"},"modified":"2024-03-03T05:05:36","modified_gmt":"2024-03-03T08:05:36","slug":"ucuuba","status":"publish","type":"product","link":"https:\/\/adotaiamazonia.com.br\/en\/arvore\/ucuuba\/","title":{"rendered":"Ucu\u00faba"},"content":{"rendered":"<p>A Virola surinamensis (Rol.) Warb., conhecida popularmente como ucuuba, \u00e9 uma \u00e1rvore de cerca de 60 m de altura, comumente encontrada em lugares alagados, geralmente perto de igap\u00f3s.<\/p>\n<p>\u00c1rvore nativa da v\u00e1rzea de toda a regi\u00e3o amaz\u00f4nica estendendo sua ocorr\u00eancia at\u00e9 o Maranh\u00e3o e Pernambuco. O nome da \u00e1rvore significa na l\u00edngua ind\u00edgena UCU (graxa) e YBA (\u00e1rvore), prefere regi\u00f5es alagadas, atingindo uma altura de 25 a 35 m. Uma \u00e1rvore adulta pode produzir entre 30 &#8211; 50 Kg de sementes por ano. As sementes s\u00e3o ricas em gorduras (60 \u2013 70%) e o rendimento em \u00f3leo\u2215sebo pode chegar at\u00e9 50% por quilo de semente seca. Numa planta\u00e7\u00e3o com 150 \u00e1rvores por hectare poder\u00e1 ser colhida at\u00e9 7 mil quilos de sementes, o que renderia 3500 kg de gordura\u2215hectare. O crescimento da ucuuba no campo pode alcan\u00e7ar at\u00e9 3 m em dois anos. A madeira dessa \u00e1rvore \u00e9 de excelente qualidade para compensados e laminados, o que est\u00e1 amea\u00e7ando intensamente o recurso florestal remanescente<\/p>","protected":false},"excerpt":{"rendered":"<p>A Virola surinamensis (Rol.) Warb., conhecida popularmente como ucuuba, \u00e9 uma \u00e1rvore de cerca de 60 m de altura, comumente encontrada em lugares alagados, geralmente perto de igap\u00f3s. \u00c1rvore nativa da v\u00e1rzea de toda a regi\u00e3o amaz\u00f4nica estendendo sua ocorr\u00eancia at\u00e9 o Maranh\u00e3o e Pernambuco. O nome da \u00e1rvore significa na l\u00edngua ind\u00edgena UCU (graxa) [&hellip;]<\/p>","protected":false},"featured_media":984,"template":"","meta":{"_acf_changed":false},"product_cat":[21],"product_tag":[],"class_list":{"0":"post-919","1":"product","2":"type-product","3":"status-publish","4":"has-post-thumbnail","6":"product_cat-arvores","8":"first","9":"instock","10":"shipping-taxable","11":"purchasable","12":"product-type-variable-subscription"},"acf":[],"_links":{"self":[{"href":"https:\/\/adotaiamazonia.com.br\/en\/wp-json\/wp\/v2\/product\/919","targetHints":{"allow":["GET"]}}],"collection":[{"href":"https:\/\/adotaiamazonia.com.br\/en\/wp-json\/wp\/v2\/product"}],"about":[{"href":"https:\/\/adotaiamazonia.com.br\/en\/wp-json\/wp\/v2\/types\/product"}],"wp:featuredmedia":[{"embeddable":true,"href":"https:\/\/adotaiamazonia.com.br\/en\/wp-json\/wp\/v2\/media\/984"}],"wp:attachment":[{"href":"https:\/\/adotaiamazonia.com.br\/en\/wp-json\/wp\/v2\/media?parent=919"}],"wp:term":[{"taxonomy":"product_cat","embeddable":true,"href":"https:\/\/adotaiamazonia.com.br\/en\/wp-json\/wp\/v2\/product_cat?post=919"},{"taxonomy":"product_tag","embeddable":true,"href":"https:\/\/adotaiamazonia.com.br\/en\/wp-json\/wp\/v2\/product_tag?post=919"}],"curies":[{"name":"wp","href":"https:\/\/api.w.org\/{rel}","templated":true}]}}