{"id":916,"date":"2023-12-18T09:43:00","date_gmt":"2023-12-18T12:43:00","guid":{"rendered":"https:\/\/adotaiamazonia.com.br\/?post_type=product&#038;p=916"},"modified":"2024-03-03T05:05:37","modified_gmt":"2024-03-03T08:05:37","slug":"sumauma-barriguda","status":"publish","type":"product","link":"https:\/\/adotaiamazonia.com.br\/en\/arvore\/sumauma-barriguda\/","title":{"rendered":"Suma\u00fama-barriguda"},"content":{"rendered":"<p>\u00c1rvore de grande porte, que pode alcan\u00e7ar at\u00e9 70 metros de altura; prefere v\u00e1rzeas, mas cresce em menos propor\u00e7\u00f5es, em locais com menos \u00e1gua. Formada por\u00a0ra\u00edzes que s\u00e3o chamadas de sapobemba que possui Propriedades Terap\u00eauticas, tais como anti-inflamat\u00f3ria, diur\u00e9tica, antibacteriana e antif\u00fangica.<\/p>\n<p><b>Benef\u00edcios da <\/b><b>Suma\u00fama:<\/b><\/p>\n<p>Amplamente utilizada na medicina popular, onde sua\u00a0seiva ajuda a aliviar conjuntivite. A decoc\u00e7\u00e3o da casca \u00e9 diur\u00e9tica, usada para curar a hidropsia do abd\u00f4men e mal\u00e1ria.<\/p>\n<p>Alguns componentes qu\u00edmicos obtidos da casca de suas ra\u00edzes mostram moderada atividade para o controle dois tipos de bact\u00e9rias (<i>Bacillus<\/i> <i>subtilis<\/i>\u00a0e\u00a0<i>Staphylococcus<\/i><i> aureus<\/i>) e dois fungos (<i>Aspergillus<\/i> <i>niger<\/i>\u00a0e\u00a0<i>Candida<\/i> <i>albicans<\/i>). Sua paina \u00e9 usada como uma alternativa ao algod\u00e3o para encher almofadas, colch\u00f5es e para isolamentos. Atualmente foi substitu\u00edda por materiais sint\u00e9ticos.<\/p>\n<p>As sementes produzem um \u00f3leo usado para fabricar sab\u00e3o, detergentes; al\u00e9m de\u00a0 usadas como fertilizante.<\/p>\n<p>Sua madeira, que possui alto poder de aproveitamento, \u00e9 utilizada para fabrica\u00e7\u00e3o de barcos, palitos de f\u00f3sforos e pain\u00e9is.<\/p>\n<p>As folhas jovens podem ser usadas como alimento\u00a0em uma variedade de receitas tais como cozidas, cruas em saladas, como enroladinho, bolinhos de folhas, sendo uma alternativa para a nutri\u00e7\u00e3o n\u00e3o convencional; al\u00e9m de ser chamada da PANC, Planta Aliment\u00edcia n\u00e3o Convencional.<\/p>","protected":false},"excerpt":{"rendered":"<p>\u00c1rvore de grande porte, que pode alcan\u00e7ar at\u00e9 70 metros de altura; prefere v\u00e1rzeas, mas cresce em menos propor\u00e7\u00f5es, em locais com menos \u00e1gua. Formada por\u00a0ra\u00edzes que s\u00e3o chamadas de sapobemba que possui Propriedades Terap\u00eauticas, tais como anti-inflamat\u00f3ria, diur\u00e9tica, antibacteriana e antif\u00fangica. Benef\u00edcios da Suma\u00fama: Amplamente utilizada na medicina popular, onde sua\u00a0seiva ajuda a aliviar [&hellip;]<\/p>","protected":false},"featured_media":980,"template":"","meta":{"_acf_changed":false},"product_cat":[21],"product_tag":[],"class_list":{"0":"post-916","1":"product","2":"type-product","3":"status-publish","4":"has-post-thumbnail","6":"product_cat-arvores","8":"first","9":"instock","10":"shipping-taxable","11":"purchasable","12":"product-type-variable-subscription"},"acf":[],"_links":{"self":[{"href":"https:\/\/adotaiamazonia.com.br\/en\/wp-json\/wp\/v2\/product\/916","targetHints":{"allow":["GET"]}}],"collection":[{"href":"https:\/\/adotaiamazonia.com.br\/en\/wp-json\/wp\/v2\/product"}],"about":[{"href":"https:\/\/adotaiamazonia.com.br\/en\/wp-json\/wp\/v2\/types\/product"}],"wp:featuredmedia":[{"embeddable":true,"href":"https:\/\/adotaiamazonia.com.br\/en\/wp-json\/wp\/v2\/media\/980"}],"wp:attachment":[{"href":"https:\/\/adotaiamazonia.com.br\/en\/wp-json\/wp\/v2\/media?parent=916"}],"wp:term":[{"taxonomy":"product_cat","embeddable":true,"href":"https:\/\/adotaiamazonia.com.br\/en\/wp-json\/wp\/v2\/product_cat?post=916"},{"taxonomy":"product_tag","embeddable":true,"href":"https:\/\/adotaiamazonia.com.br\/en\/wp-json\/wp\/v2\/product_tag?post=916"}],"curies":[{"name":"wp","href":"https:\/\/api.w.org\/{rel}","templated":true}]}}