{"id":914,"date":"2023-12-18T09:37:00","date_gmt":"2023-12-18T12:37:00","guid":{"rendered":"https:\/\/adotaiamazonia.com.br\/?post_type=product&#038;p=914"},"modified":"2024-03-03T05:05:37","modified_gmt":"2024-03-03T08:05:37","slug":"inga","status":"publish","type":"product","link":"https:\/\/adotaiamazonia.com.br\/en\/arvore\/inga\/","title":{"rendered":"Ing\u00e1"},"content":{"rendered":"<p>\u00c1rvore de 10-20 m de altura, de copa ampla.tronco de 50-70 cm de di\u00e2metro, com verrugas sobre a casca.folhas compostas, de 7-20 cm de comprimento, com 2-3 pares de fol\u00edolos el\u00edpticos, de consist\u00eancia de couro e dispostos sobre uma haste de 2-4 cm de comprimento.<\/p>\n<p>S\u00e3o conhecidas cerca de 300 esp\u00e9cies do g\u00eanero Inga. O atual centro de diversidade do g\u00eanero \u00e9 a floresta amaz\u00f4nica, mas o g\u00eanero possui representantes no M\u00e9xico, Antilhas e em toda a Am\u00e9rica do Sul, sendo um g\u00eanero exclusivamente neotropical. Em geral, os ing\u00e1s preferem nascer \u00e0s margens dos rios, devido \u00e0 grande quantidade de sementes levadas e depositadas nas v\u00e1rzeas pelas enchentes.<\/p>\n<p>Inga \u00e9 um g\u00e9nero de plantas com flor da subfam\u00edlia Mimosoideae da fam\u00edlia Fabaceae. As esp\u00e9cies deste g\u00e9neros s\u00e3 conhecidas pelos nomes comuns de ing\u00e1 ou ingazeiro, sendo que ing\u00e1 tamb\u00e9m designa o fruto da \u00e1rvore: uma longa vagem que cont\u00e9m sementes envolvidas por uma polpa muitas vezes comest\u00edvel. \u00c9 muito comum nas margens de rios e lagos, sendo muito procurado pela fauna e pelo homem por suas sementes envolvidas por polpa branca e adocicada. O ingazeiro costuma apresentar flora\u00e7\u00e3o mais de uma vez por mensal, trimestral, semestral, anual.<\/p>","protected":false},"excerpt":{"rendered":"<p>\u00c1rvore de 10-20 m de altura, de copa ampla.tronco de 50-70 cm de di\u00e2metro, com verrugas sobre a casca.folhas compostas, de 7-20 cm de comprimento, com 2-3 pares de fol\u00edolos el\u00edpticos, de consist\u00eancia de couro e dispostos sobre uma haste de 2-4 cm de comprimento. S\u00e3o conhecidas cerca de 300 esp\u00e9cies do g\u00eanero Inga. O [&hellip;]<\/p>","protected":false},"featured_media":974,"template":"","meta":{"_acf_changed":false},"product_cat":[21],"product_tag":[],"class_list":{"0":"post-914","1":"product","2":"type-product","3":"status-publish","4":"has-post-thumbnail","6":"product_cat-arvores","8":"first","9":"instock","10":"shipping-taxable","11":"purchasable","12":"product-type-variable-subscription"},"acf":[],"_links":{"self":[{"href":"https:\/\/adotaiamazonia.com.br\/en\/wp-json\/wp\/v2\/product\/914","targetHints":{"allow":["GET"]}}],"collection":[{"href":"https:\/\/adotaiamazonia.com.br\/en\/wp-json\/wp\/v2\/product"}],"about":[{"href":"https:\/\/adotaiamazonia.com.br\/en\/wp-json\/wp\/v2\/types\/product"}],"wp:featuredmedia":[{"embeddable":true,"href":"https:\/\/adotaiamazonia.com.br\/en\/wp-json\/wp\/v2\/media\/974"}],"wp:attachment":[{"href":"https:\/\/adotaiamazonia.com.br\/en\/wp-json\/wp\/v2\/media?parent=914"}],"wp:term":[{"taxonomy":"product_cat","embeddable":true,"href":"https:\/\/adotaiamazonia.com.br\/en\/wp-json\/wp\/v2\/product_cat?post=914"},{"taxonomy":"product_tag","embeddable":true,"href":"https:\/\/adotaiamazonia.com.br\/en\/wp-json\/wp\/v2\/product_tag?post=914"}],"curies":[{"name":"wp","href":"https:\/\/api.w.org\/{rel}","templated":true}]}}