{"id":913,"date":"2023-12-18T09:35:00","date_gmt":"2023-12-18T12:35:00","guid":{"rendered":"https:\/\/adotaiamazonia.com.br\/?post_type=product&#038;p=913"},"modified":"2024-03-03T05:05:37","modified_gmt":"2024-03-03T08:05:37","slug":"caja","status":"publish","type":"product","link":"https:\/\/adotaiamazonia.com.br\/en\/arvore\/caja\/","title":{"rendered":"Caj\u00e1"},"content":{"rendered":"<p>A cajazeira (Spondias mombin ou Spondias lutea), tamb\u00e9m conhecida pelos nomes cajazeiro, caj\u00e1, caj\u00e1-mirim, cajazinha, tapereb\u00e1, acai\u00e1, acaiaba, acaj\u00e1, acaja\u00edba, ambal\u00f3, ambareira, ambareiro, ambar\u00f3, cajaeiro, cajarana, caj\u00e1-pequeno, cajazeiro-mi\u00fado, catona, guegue, ibametara, caj\u00e1 manga, minguengue, moxubi\u00e1, muguengo e muguengue , \u00e9 uma \u00e1rvore que chega a medir at\u00e9 25 metros, da fam\u00edlia das anacardi\u00e1ceas, de casca adstringente e em\u00e9tica, madeira branca, folhas imparipenadas, flores arom\u00e1ticas em grandes pan\u00edculas e drupas alaranjadas, de polpa resinosa, \u00e1cida, comest\u00edvel e saud\u00e1vel, conhecidas como caj\u00e1s. O fruto da \u00e1rvore \u00e9 chamado de caj\u00e1, ambal\u00f3, ambar\u00f3, caj\u00e1-mirim, cajazinha, tapareba, tapereb\u00e1, taperib\u00e1 tapiriba ou caju-manga.<\/p>","protected":false},"excerpt":{"rendered":"<p>A cajazeira (Spondias mombin ou Spondias lutea), tamb\u00e9m conhecida pelos nomes cajazeiro, caj\u00e1, caj\u00e1-mirim, cajazinha, tapereb\u00e1, acai\u00e1, acaiaba, acaj\u00e1, acaja\u00edba, ambal\u00f3, ambareira, ambareiro, ambar\u00f3, cajaeiro, cajarana, caj\u00e1-pequeno, cajazeiro-mi\u00fado, catona, guegue, ibametara, caj\u00e1 manga, minguengue, moxubi\u00e1, muguengo e muguengue , \u00e9 uma \u00e1rvore que chega a medir at\u00e9 25 metros, da fam\u00edlia das anacardi\u00e1ceas, de casca [&hellip;]<\/p>","protected":false},"featured_media":973,"template":"","meta":{"_acf_changed":false},"product_cat":[21],"product_tag":[],"class_list":{"0":"post-913","1":"product","2":"type-product","3":"status-publish","4":"has-post-thumbnail","6":"product_cat-arvores","8":"first","9":"instock","10":"shipping-taxable","11":"purchasable","12":"product-type-variable-subscription"},"acf":[],"_links":{"self":[{"href":"https:\/\/adotaiamazonia.com.br\/en\/wp-json\/wp\/v2\/product\/913","targetHints":{"allow":["GET"]}}],"collection":[{"href":"https:\/\/adotaiamazonia.com.br\/en\/wp-json\/wp\/v2\/product"}],"about":[{"href":"https:\/\/adotaiamazonia.com.br\/en\/wp-json\/wp\/v2\/types\/product"}],"wp:featuredmedia":[{"embeddable":true,"href":"https:\/\/adotaiamazonia.com.br\/en\/wp-json\/wp\/v2\/media\/973"}],"wp:attachment":[{"href":"https:\/\/adotaiamazonia.com.br\/en\/wp-json\/wp\/v2\/media?parent=913"}],"wp:term":[{"taxonomy":"product_cat","embeddable":true,"href":"https:\/\/adotaiamazonia.com.br\/en\/wp-json\/wp\/v2\/product_cat?post=913"},{"taxonomy":"product_tag","embeddable":true,"href":"https:\/\/adotaiamazonia.com.br\/en\/wp-json\/wp\/v2\/product_tag?post=913"}],"curies":[{"name":"wp","href":"https:\/\/api.w.org\/{rel}","templated":true}]}}