{"id":907,"date":"2023-12-18T09:15:00","date_gmt":"2023-12-18T12:15:00","guid":{"rendered":"https:\/\/adotaiamazonia.com.br\/?post_type=product&#038;p=907"},"modified":"2024-03-03T05:05:38","modified_gmt":"2024-03-03T08:05:38","slug":"morototo","status":"publish","type":"product","link":"https:\/\/adotaiamazonia.com.br\/en\/arvore\/morototo\/","title":{"rendered":"Morot\u00f3t\u00f3"},"content":{"rendered":"<p>\u00c1rvore nativa da Am\u00e9rica do Sul, presente no Brasil desde a Floresta Amaz\u00f4nica at\u00e9 o Rio Grande do Sul. A esp\u00e9cie tamb\u00e9m \u00e9 conhecida como mandioqueira, morotot\u00f3, mucututu, matata\u00faba, para-par\u00e1, marup\u00e1-uba-falso ou sambacuim.[ \u00c9 uma \u00e1rvore de grande porte, podendo chegar a 30 metros de altura e tronco de 60 a 90 cent\u00edmetros de di\u00e2metro. Sua madeira \u00e9 usada na marcenaria em geral, em v\u00e1rios produtos como talhas, molduras, compensados, batentes, brinquedos, etc. A \u00e1rvore \u00e9 elegante e pode ser usada para paisagismo.<\/p>","protected":false},"excerpt":{"rendered":"<p>\u00c1rvore nativa da Am\u00e9rica do Sul, presente no Brasil desde a Floresta Amaz\u00f4nica at\u00e9 o Rio Grande do Sul. A esp\u00e9cie tamb\u00e9m \u00e9 conhecida como mandioqueira, morotot\u00f3, mucututu, matata\u00faba, para-par\u00e1, marup\u00e1-uba-falso ou sambacuim.[ \u00c9 uma \u00e1rvore de grande porte, podendo chegar a 30 metros de altura e tronco de 60 a 90 cent\u00edmetros de di\u00e2metro. [&hellip;]<\/p>","protected":false},"featured_media":966,"template":"","meta":{"_acf_changed":false},"product_cat":[21],"product_tag":[],"class_list":{"0":"post-907","1":"product","2":"type-product","3":"status-publish","4":"has-post-thumbnail","6":"product_cat-arvores","8":"first","9":"instock","10":"shipping-taxable","11":"purchasable","12":"product-type-variable-subscription"},"acf":[],"_links":{"self":[{"href":"https:\/\/adotaiamazonia.com.br\/en\/wp-json\/wp\/v2\/product\/907","targetHints":{"allow":["GET"]}}],"collection":[{"href":"https:\/\/adotaiamazonia.com.br\/en\/wp-json\/wp\/v2\/product"}],"about":[{"href":"https:\/\/adotaiamazonia.com.br\/en\/wp-json\/wp\/v2\/types\/product"}],"wp:featuredmedia":[{"embeddable":true,"href":"https:\/\/adotaiamazonia.com.br\/en\/wp-json\/wp\/v2\/media\/966"}],"wp:attachment":[{"href":"https:\/\/adotaiamazonia.com.br\/en\/wp-json\/wp\/v2\/media?parent=907"}],"wp:term":[{"taxonomy":"product_cat","embeddable":true,"href":"https:\/\/adotaiamazonia.com.br\/en\/wp-json\/wp\/v2\/product_cat?post=907"},{"taxonomy":"product_tag","embeddable":true,"href":"https:\/\/adotaiamazonia.com.br\/en\/wp-json\/wp\/v2\/product_tag?post=907"}],"curies":[{"name":"wp","href":"https:\/\/api.w.org\/{rel}","templated":true}]}}