{"id":901,"date":"2023-12-18T08:55:00","date_gmt":"2023-12-18T11:55:00","guid":{"rendered":"https:\/\/adotaiamazonia.com.br\/?post_type=product&#038;p=901"},"modified":"2024-05-15T20:28:18","modified_gmt":"2024-05-15T23:28:18","slug":"seringueira","status":"publish","type":"product","link":"https:\/\/adotaiamazonia.com.br\/en\/arvore\/seringueira\/","title":{"rendered":"Seringueira"},"content":{"rendered":"<p>\u00c1rvore de porte m\u00e9dio, podendo com altura m\u00e9dia de 20-30 m; Possui mais de 11 esp\u00e9cies, sendo\u00a0<i>H. brasiliensis<\/i>\u00a0a mais importante devido \u00e0 qualidade do seu l\u00e1tex e, por isso, a mais procurada pela ind\u00fastria.<\/p>\n<p>O l\u00e1tex j\u00e1 era extra\u00eddo at\u00e9 mesmo pelos \u00edndios, antes do descobrimento da Am\u00e9rica. Eles utilizavam esse l\u00edquido para fazer \u201cbolas de borracha\u201d para jogos de divers\u00e3o.<\/p>\n<p>Esp\u00e9cie utilizada em v\u00e1rias estudos, nas primeiras pesquisas, cientistas franceses propuseram a utiliza\u00e7\u00e3o da borracha na produ\u00e7\u00e3o de cal\u00e7ados, garrafas, bolsas e bolas. Anos depois, em 1750, o Brasil col\u00f4nia come\u00e7ou a utilizar a borracha natural para a produ\u00e7\u00e3o de botas, para o ex\u00e9rcito portugu\u00eas.<\/p>\n<p>A descoberta do uso da borracha como apagador veio nos anos de 1770. Isso mesmo, a borracha escolar que utilizamos para apagar grafite tem em sua composi\u00e7\u00e3o a borracha natural extra\u00edda da seringueira.<\/p>\n<p>Posteriormente, com o desenvolvimento de novas t\u00e9cnicas de melhoria de processamento da mat\u00e9ria-prima, ocorreu a expans\u00e3o do uso do l\u00e1tex. A partir da subst\u00e2ncia passou-se a produzir correias, mangueiras at\u00e9 chegar em produtos mais modernos, como pneus de avi\u00e3o e materiais cir\u00fargicos.<\/p>","protected":false},"excerpt":{"rendered":"<p>\u00c1rvore de porte m\u00e9dio, podendo com altura m\u00e9dia de 20-30 m; Possui mais de 11 esp\u00e9cies, sendo\u00a0H. brasiliensis\u00a0a mais importante devido \u00e0 qualidade do seu l\u00e1tex e, por isso, a mais procurada pela ind\u00fastria. O l\u00e1tex j\u00e1 era extra\u00eddo at\u00e9 mesmo pelos \u00edndios, antes do descobrimento da Am\u00e9rica. Eles utilizavam esse l\u00edquido para fazer \u201cbolas [&hellip;]<\/p>","protected":false},"featured_media":902,"template":"","meta":{"_acf_changed":false},"product_cat":[38],"product_tag":[],"class_list":{"0":"post-901","1":"product","2":"type-product","3":"status-publish","4":"has-post-thumbnail","6":"product_cat-mudas","8":"first","9":"instock","10":"shipping-taxable","11":"purchasable","12":"product-type-variable-subscription"},"acf":[],"_links":{"self":[{"href":"https:\/\/adotaiamazonia.com.br\/en\/wp-json\/wp\/v2\/product\/901","targetHints":{"allow":["GET"]}}],"collection":[{"href":"https:\/\/adotaiamazonia.com.br\/en\/wp-json\/wp\/v2\/product"}],"about":[{"href":"https:\/\/adotaiamazonia.com.br\/en\/wp-json\/wp\/v2\/types\/product"}],"wp:featuredmedia":[{"embeddable":true,"href":"https:\/\/adotaiamazonia.com.br\/en\/wp-json\/wp\/v2\/media\/902"}],"wp:attachment":[{"href":"https:\/\/adotaiamazonia.com.br\/en\/wp-json\/wp\/v2\/media?parent=901"}],"wp:term":[{"taxonomy":"product_cat","embeddable":true,"href":"https:\/\/adotaiamazonia.com.br\/en\/wp-json\/wp\/v2\/product_cat?post=901"},{"taxonomy":"product_tag","embeddable":true,"href":"https:\/\/adotaiamazonia.com.br\/en\/wp-json\/wp\/v2\/product_tag?post=901"}],"curies":[{"name":"wp","href":"https:\/\/api.w.org\/{rel}","templated":true}]}}