{"id":898,"date":"2023-12-18T08:52:00","date_gmt":"2023-12-18T11:52:00","guid":{"rendered":"https:\/\/adotaiamazonia.com.br\/?post_type=product&#038;p=898"},"modified":"2024-05-15T20:28:10","modified_gmt":"2024-05-15T23:28:10","slug":"copaiba","status":"publish","type":"product","link":"https:\/\/adotaiamazonia.com.br\/en\/arvore\/copaiba\/","title":{"rendered":"Copa\u00edba"},"content":{"rendered":"<p>\u00c1rvore semicaducif\u00f3lia, com 5 a 15 m de altura e 20 a 60 cm de DAP, podendo atingir 35 m de altura e 100 cm de DAP, na idade adulta, na floresta pluvial.<\/p>\n<p>Essa esp\u00e9cie popularmente conhecida com antibi\u00f3tico da mata, \u00e9 muito utilizada na Amaz\u00f4nia com fins medicinais.[5]O per\u00edodo de frutifica\u00e7\u00e3o vai de agosto a outubro.No acre a extra\u00e7\u00e3o do \u00f3leo da copa\u00edba vem sendo uma alternativa de diversificar a produ\u00e7\u00e3o. A madeira \u00e9 vermelha e usada em marcenaria. As flores s\u00e3o brancas com manchas rosas. O fruto \u00e9 uma vagem drup\u00e1cea contendo uma semente.Tende a medir de 5 a 35 metros de altura. Por\u00e9m, em \u00e1reas de cerrado e caatinga sua altura varia de 1,80 a 13 metros de altura, tendo menor porte. Seu tronco \u00e9 cil\u00edndrico, curvo e pequeno. Sua casca, que tende a ter 17 mm de espessura, \u00e9 \u00e1spera e se desprende facilmente quando a planta ainda \u00e9 jovem. Sua colora\u00e7\u00e3o varia do cinza-escuro ao marrom, na parte externa, e avermelhada, na parte internaSua copa \u00e9 ampla, por\u00e9m com pouca folhagem, sendo dif\u00edcil de ser confundida no meio natural por conta do tom de vermelho que atinge na primavera. Suas folhas medem de 2 a 4,5 cm de comprimento e 1 a 2 cm de largura, quando jovem a planta possui sua folhagem no tom de rosa claro.<\/p>","protected":false},"excerpt":{"rendered":"<p>\u00c1rvore semicaducif\u00f3lia, com 5 a 15 m de altura e 20 a 60 cm de DAP, podendo atingir 35 m de altura e 100 cm de DAP, na idade adulta, na floresta pluvial. Essa esp\u00e9cie popularmente conhecida com antibi\u00f3tico da mata, \u00e9 muito utilizada na Amaz\u00f4nia com fins medicinais.[5]O per\u00edodo de frutifica\u00e7\u00e3o vai de agosto [&hellip;]<\/p>","protected":false},"featured_media":899,"template":"","meta":{"_acf_changed":false},"product_cat":[38],"product_tag":[],"class_list":{"0":"post-898","1":"product","2":"type-product","3":"status-publish","4":"has-post-thumbnail","6":"product_cat-mudas","8":"first","9":"instock","10":"shipping-taxable","11":"purchasable","12":"product-type-variable-subscription"},"acf":[],"_links":{"self":[{"href":"https:\/\/adotaiamazonia.com.br\/en\/wp-json\/wp\/v2\/product\/898","targetHints":{"allow":["GET"]}}],"collection":[{"href":"https:\/\/adotaiamazonia.com.br\/en\/wp-json\/wp\/v2\/product"}],"about":[{"href":"https:\/\/adotaiamazonia.com.br\/en\/wp-json\/wp\/v2\/types\/product"}],"wp:featuredmedia":[{"embeddable":true,"href":"https:\/\/adotaiamazonia.com.br\/en\/wp-json\/wp\/v2\/media\/899"}],"wp:attachment":[{"href":"https:\/\/adotaiamazonia.com.br\/en\/wp-json\/wp\/v2\/media?parent=898"}],"wp:term":[{"taxonomy":"product_cat","embeddable":true,"href":"https:\/\/adotaiamazonia.com.br\/en\/wp-json\/wp\/v2\/product_cat?post=898"},{"taxonomy":"product_tag","embeddable":true,"href":"https:\/\/adotaiamazonia.com.br\/en\/wp-json\/wp\/v2\/product_tag?post=898"}],"curies":[{"name":"wp","href":"https:\/\/api.w.org\/{rel}","templated":true}]}}