{"id":896,"date":"2023-12-18T08:50:00","date_gmt":"2023-12-18T11:50:00","guid":{"rendered":"https:\/\/adotaiamazonia.com.br\/?post_type=product&#038;p=896"},"modified":"2025-08-07T18:10:29","modified_gmt":"2025-08-07T21:10:29","slug":"samauma","status":"publish","type":"product","link":"https:\/\/adotaiamazonia.com.br\/en\/arvore\/samauma\/","title":{"rendered":"Sama\u00fama"},"content":{"rendered":"<p>A sama\u00fama, tamb\u00e9m conhecida como suma\u00fama e algodoeiro \u00e9 a maior \u00e1rvore da Amaz\u00f4nia e uma das maiores do mundo. Chega a ter 60 metros de altura e 40 metros de copa e o seu tronco \u00e9 muito volumoso, at\u00e9 3 m de di\u00e2metro. \u00c9 uma planta tropical nativa do M\u00e9xico, Am\u00e9rica Central e Cara\u00edbas, norte da Am\u00e9rica do Sul e da \u00c1frica Ocidental. Essa \u00e1rvore consegue retirar a \u00e1gua das profundezas do solo e trazer n\u00e3o apenas para abastecer a si mesma, mas tamb\u00e9m para repartir com outras esp\u00e9cies, pois suas ra\u00edzes, conhecidas como sapopemba, arrebentam em determinadas \u00e9pocas do ano irrigando toda a \u00e1rea em torno dela<\/p>\n<p>A madeira \u00e9 o principal uso da suma\u00fama, caracteriza-se como leve, macia e de baixa\u00a0durabilidade natural. Pode ser utilizada na constru\u00e7\u00e3o de embarca\u00e7\u00f5es, miolo de compensados e produ\u00e7\u00e3o de pasta celul\u00f3sica. Seu mais importante uso secund\u00e1rio \u00e9 o aproveitamento da fibra que envolve as sementes, conhecida como \u201ckapok\u201d (semelhante ao algod\u00e3o), utilizada como enchimento para colch\u00f5es, travesseiros, salva-vidas (por ser imperme\u00e1vel \u00e0 umidade). Outro uso secund\u00e1rio da suma\u00fama \u00e9 o medicinal. Sua seiva \u00e9 usada para curar a conjuntivite. O ch\u00e1 da casca \u00e9 diur\u00e9tica e \u00e9 usada para curar a mal\u00e1ria. Alguns componentes qu\u00edmicos obtidos da casca das ra\u00edzes mostram moderada atividade contra dois tipos de bact\u00e9rias (<i>Bacillus<\/i> <i>subtilis<\/i>\u00a0e\u00a0<i>Staphylococcus<\/i><i> aureus<\/i>) e dois fungos (<i>Aspergillus<\/i> <i>niger<\/i>\u00a0e\u00a0<i>Candida<\/i> <i>albicans<\/i>).<\/p>\n<p>Os nativos consideram-na \u201ca m\u00e3e\u201d de todas as \u00e1rvores, seus troncos volumosos muitas vezes formam verdadeiros compartimentos, transformados em habita\u00e7\u00f5es pelos ind\u00edgenas, caboclos e sertanejos. As ra\u00edzes s\u00e3o usadas na comunica\u00e7\u00e3o pela floresta, que \u00e9 feita atrav\u00e9s de batidas em tais estruturas que podem ser ouvidas at\u00e9 1 km de dist\u00e2ncia.<\/p>","protected":false},"excerpt":{"rendered":"<p>A sama\u00fama, tamb\u00e9m conhecida como suma\u00fama e algodoeiro \u00e9 a maior \u00e1rvore da Amaz\u00f4nia e uma das maiores do mundo. Chega a ter 60 metros de altura e 40 metros de copa e o seu tronco \u00e9 muito volumoso, at\u00e9 3 m de di\u00e2metro. \u00c9 uma planta tropical nativa do M\u00e9xico, Am\u00e9rica Central e Cara\u00edbas, [&hellip;]<\/p>","protected":false},"featured_media":897,"template":"","meta":{"_acf_changed":false},"product_cat":[38],"product_tag":[],"class_list":{"0":"post-896","1":"product","2":"type-product","3":"status-publish","4":"has-post-thumbnail","6":"product_cat-mudas","8":"first","9":"outofstock","10":"shipping-taxable","11":"purchasable","12":"product-type-variable-subscription"},"acf":[],"_links":{"self":[{"href":"https:\/\/adotaiamazonia.com.br\/en\/wp-json\/wp\/v2\/product\/896","targetHints":{"allow":["GET"]}}],"collection":[{"href":"https:\/\/adotaiamazonia.com.br\/en\/wp-json\/wp\/v2\/product"}],"about":[{"href":"https:\/\/adotaiamazonia.com.br\/en\/wp-json\/wp\/v2\/types\/product"}],"wp:featuredmedia":[{"embeddable":true,"href":"https:\/\/adotaiamazonia.com.br\/en\/wp-json\/wp\/v2\/media\/897"}],"wp:attachment":[{"href":"https:\/\/adotaiamazonia.com.br\/en\/wp-json\/wp\/v2\/media?parent=896"}],"wp:term":[{"taxonomy":"product_cat","embeddable":true,"href":"https:\/\/adotaiamazonia.com.br\/en\/wp-json\/wp\/v2\/product_cat?post=896"},{"taxonomy":"product_tag","embeddable":true,"href":"https:\/\/adotaiamazonia.com.br\/en\/wp-json\/wp\/v2\/product_tag?post=896"}],"curies":[{"name":"wp","href":"https:\/\/api.w.org\/{rel}","templated":true}]}}