{"id":894,"date":"2023-12-18T08:44:00","date_gmt":"2023-12-18T11:44:00","guid":{"rendered":"https:\/\/adotaiamazonia.com.br\/?post_type=product&#038;p=894"},"modified":"2024-05-15T20:32:32","modified_gmt":"2024-05-15T23:32:32","slug":"jatoba","status":"publish","type":"product","link":"https:\/\/adotaiamazonia.com.br\/en\/arvore\/jatoba\/","title":{"rendered":"Jatob\u00e1"},"content":{"rendered":"<p>\u00c1rvore da fam\u00edlia das fab\u00e1ceas.\u00c9 a esp\u00e9cie arb\u00f3rea dominante na floresta estacional semidecidual submontana. A esp\u00e9cie pode alcan\u00e7ar 40 metros de altura e 2 metros de di\u00e2metro, embora uma \u00e1rvore tenha atingido 95 metros na Amaz\u00f4nia. As folhas s\u00e3o compostas por 2 fol\u00edolos, semidec\u00edduas, cori\u00e1ceas, com seis a 14 cm de comprimento e 3 a 5 cm de largura. A flora\u00e7\u00e3o ocorre na \u00e9poca de seca do ano e a frutifica\u00e7\u00e3o ocorre cerca de 4 meses depois.Embora a esp\u00e9cie seja considerada amea\u00e7ada de extin\u00e7\u00e3o devido \u00e0 superexplora\u00e7\u00e3o, e como \u00e1rvore rara, com apenas uma \u00e1rvore por hectare pelo Instituto de Pesquisa e Estudos Florestais (IPEF), foi avaliada como pouco preocupante na Lista Vermelha da Uni\u00e3o Internacional para a Conserva\u00e7\u00e3o da Natureza e dos Recursos Naturais vers\u00e3o 3.1, pois tem uma larga distribui\u00e7\u00e3o geogr\u00e1fica, por ser considerada comum, e por ocorrer em \u00e1reas protegidas, e por sua popula\u00e7\u00e3o n\u00e3o estar amea\u00e7ada ou em decl\u00ednio.<\/p>","protected":false},"excerpt":{"rendered":"<p>\u00c1rvore da fam\u00edlia das fab\u00e1ceas.\u00c9 a esp\u00e9cie arb\u00f3rea dominante na floresta estacional semidecidual submontana. A esp\u00e9cie pode alcan\u00e7ar 40 metros de altura e 2 metros de di\u00e2metro, embora uma \u00e1rvore tenha atingido 95 metros na Amaz\u00f4nia. As folhas s\u00e3o compostas por 2 fol\u00edolos, semidec\u00edduas, cori\u00e1ceas, com seis a 14 cm de comprimento e 3 a [&hellip;]<\/p>","protected":false},"featured_media":895,"template":"","meta":{"_acf_changed":false},"product_cat":[38],"product_tag":[],"class_list":{"0":"post-894","1":"product","2":"type-product","3":"status-publish","4":"has-post-thumbnail","6":"product_cat-mudas","8":"first","9":"instock","10":"shipping-taxable","11":"purchasable","12":"product-type-variable-subscription"},"acf":[],"_links":{"self":[{"href":"https:\/\/adotaiamazonia.com.br\/en\/wp-json\/wp\/v2\/product\/894","targetHints":{"allow":["GET"]}}],"collection":[{"href":"https:\/\/adotaiamazonia.com.br\/en\/wp-json\/wp\/v2\/product"}],"about":[{"href":"https:\/\/adotaiamazonia.com.br\/en\/wp-json\/wp\/v2\/types\/product"}],"wp:featuredmedia":[{"embeddable":true,"href":"https:\/\/adotaiamazonia.com.br\/en\/wp-json\/wp\/v2\/media\/895"}],"wp:attachment":[{"href":"https:\/\/adotaiamazonia.com.br\/en\/wp-json\/wp\/v2\/media?parent=894"}],"wp:term":[{"taxonomy":"product_cat","embeddable":true,"href":"https:\/\/adotaiamazonia.com.br\/en\/wp-json\/wp\/v2\/product_cat?post=894"},{"taxonomy":"product_tag","embeddable":true,"href":"https:\/\/adotaiamazonia.com.br\/en\/wp-json\/wp\/v2\/product_tag?post=894"}],"curies":[{"name":"wp","href":"https:\/\/api.w.org\/{rel}","templated":true}]}}