{"id":819,"date":"2023-12-06T15:35:00","date_gmt":"2023-12-06T18:35:00","guid":{"rendered":"https:\/\/adotaiamazonia.com.br\/?post_type=product&#038;p=819"},"modified":"2024-03-03T05:05:41","modified_gmt":"2024-03-03T08:05:41","slug":"mulateiro","status":"publish","type":"product","link":"https:\/\/adotaiamazonia.com.br\/en\/arvore\/mulateiro\/","title":{"rendered":"Mulateiro"},"content":{"rendered":"<p>\u00c9 uma \u00e1rvore de crescimento lento, que pode atingir 15-40 metros de altura e 4-5 metros de di\u00e2metro, com copa colunar. As folhas s\u00e3o grandes e semicaducas<\/p>\n<p>A flora\u00e7\u00e3o produz flores brancas entre maio e junho. O tronco \u00e9 retil\u00edneo, com a casca lisa e brilhante, de cor bronzeada. \u00c9 uma planta de dif\u00edcil reprodu\u00e7\u00e3o.Popularmente conhecida como mulateiro, extratos de sua casca atualmente vem sendo utilizado para composi\u00e7\u00e3o de cosm\u00e9ticos, essa esp\u00e9cie \u00e9 frequentemente receitada na etnomedicina como cicatrizante e rejuvenescedor, al\u00e9m de ser usada no controle de manchas de pele.<\/p>","protected":false},"excerpt":{"rendered":"<p>Idade: 1 ano<\/p>\n<p>Altura: 1m<\/p>\n<p>Absor\u00e7\u00e3o estimada de CO\u00b2: 84kg<\/p>","protected":false},"featured_media":821,"template":"","meta":{"_acf_changed":false},"product_cat":[38],"product_tag":[],"class_list":{"0":"post-819","1":"product","2":"type-product","3":"status-publish","4":"has-post-thumbnail","6":"product_cat-mudas","8":"first","9":"instock","10":"shipping-taxable","11":"purchasable","12":"product-type-variable-subscription"},"acf":[],"_links":{"self":[{"href":"https:\/\/adotaiamazonia.com.br\/en\/wp-json\/wp\/v2\/product\/819","targetHints":{"allow":["GET"]}}],"collection":[{"href":"https:\/\/adotaiamazonia.com.br\/en\/wp-json\/wp\/v2\/product"}],"about":[{"href":"https:\/\/adotaiamazonia.com.br\/en\/wp-json\/wp\/v2\/types\/product"}],"wp:featuredmedia":[{"embeddable":true,"href":"https:\/\/adotaiamazonia.com.br\/en\/wp-json\/wp\/v2\/media\/821"}],"wp:attachment":[{"href":"https:\/\/adotaiamazonia.com.br\/en\/wp-json\/wp\/v2\/media?parent=819"}],"wp:term":[{"taxonomy":"product_cat","embeddable":true,"href":"https:\/\/adotaiamazonia.com.br\/en\/wp-json\/wp\/v2\/product_cat?post=819"},{"taxonomy":"product_tag","embeddable":true,"href":"https:\/\/adotaiamazonia.com.br\/en\/wp-json\/wp\/v2\/product_tag?post=819"}],"curies":[{"name":"wp","href":"https:\/\/api.w.org\/{rel}","templated":true}]}}