{"id":815,"date":"2023-12-06T15:32:00","date_gmt":"2023-12-06T18:32:00","guid":{"rendered":"https:\/\/adotaiamazonia.com.br\/?post_type=product&#038;p=815"},"modified":"2024-03-03T05:05:41","modified_gmt":"2024-03-03T08:05:41","slug":"cumaru-ferro","status":"publish","type":"product","link":"https:\/\/adotaiamazonia.com.br\/en\/arvore\/cumaru-ferro\/","title":{"rendered":"Cumar\u00fa-ferro"},"content":{"rendered":"<p>A \u00e1rvore pode atingir 30 metros de altura. Seu fruto \u00e9 uma\u00a0vagem\u00a0drup\u00e1cea, monosp\u00e9rmica, com polpa fibrosa e esponjosa, comest\u00edvel. A semente desse fruto, conhecida como\u00a0<b>fava-de-cumaru<\/b>\u00a0ou fava tonka cont\u00e9m\u00a0cumarina, subst\u00e2ncia dotada de v\u00e1rios usos medicinais e tamb\u00e9m usada em perfumaria como um suced\u00e2neo da\u00a0baunilha\u00a0para aromatizar\u00a0tabaco\u00a0e\u00a0rap\u00e9\u00a0e para extra\u00e7\u00e3o de \u00f3leo.<\/p>\n<p>Seu valor comercial se d\u00e1 pela utiliza\u00e7\u00e3o da sua madeira e suas sementes arom\u00e1ticas.<\/p>\n<p>O cumaru \u00e9 nativo do\u00a0Brasil,\u00a0Col\u00f4mbia,\u00a0Guiana Francesa,\u00a0Guiana,\u00a0Peru,\u00a0Ilhas Seychelles\u00a0e\u00a0Suriname. De acordo com uma pesquisa da\u00a0Universidade Federal do Par\u00e1, de resultado revelado pela Ag\u00eancia Par\u00e1, uma subst\u00e2ncia presente no cumaru, ao ser aplicada de forma intravenosa, induz as\u00a0c\u00e9lulas-tronco, respons\u00e1veis pela produ\u00e7\u00e3o de\u00a0neur\u00f4nios, a formarem novos neur\u00f4nios.<\/p>\n<p>\u00d3leo de Cumaru:<\/p>\n<p>O \u00f3leo extrato possui odor agrad\u00e1vel e adocicado. Sua fragr\u00e2ncia \u00e9 uma reminisc\u00eancia de baunilha, am\u00eandoas, canela e cravo.<\/p>\n<p>Uso:<\/p>\n<p>As sementes do cumaru s\u00e3o fermentadas e usadas para o tratamento de picadas de cobra, cortes na pele, contus\u00f5es, tosse e reumatismo. Na medicina herbal, o cumaru \u00e9 considerado possuir propriedades antiespasm\u00f3dico, cardiot\u00f4nico e a\u00e7\u00f5es anti-asm\u00e1ticas. Age tamb\u00e9m como fixadora de ess\u00eancias e \u00e9 utilizado com o prop\u00f3sito na perfumaria. Outro uso poss\u00edvel \u00e9 na culin\u00e1ria para cria\u00e7\u00e3o de doces, como brigadeiros.<\/p>","protected":false},"excerpt":{"rendered":"<p>Idade: 1 a 2 anos<\/p>\n<p>Altura: 0,70cm<\/p>\n<p>Absor\u00e7\u00e3o estimada de CO\u00b2: 84kg<\/p>","protected":false},"featured_media":816,"template":"","meta":{"_acf_changed":false},"product_cat":[38],"product_tag":[],"class_list":{"0":"post-815","1":"product","2":"type-product","3":"status-publish","4":"has-post-thumbnail","6":"product_cat-mudas","8":"first","9":"instock","10":"shipping-taxable","11":"purchasable","12":"product-type-variable-subscription"},"acf":[],"_links":{"self":[{"href":"https:\/\/adotaiamazonia.com.br\/en\/wp-json\/wp\/v2\/product\/815","targetHints":{"allow":["GET"]}}],"collection":[{"href":"https:\/\/adotaiamazonia.com.br\/en\/wp-json\/wp\/v2\/product"}],"about":[{"href":"https:\/\/adotaiamazonia.com.br\/en\/wp-json\/wp\/v2\/types\/product"}],"wp:featuredmedia":[{"embeddable":true,"href":"https:\/\/adotaiamazonia.com.br\/en\/wp-json\/wp\/v2\/media\/816"}],"wp:attachment":[{"href":"https:\/\/adotaiamazonia.com.br\/en\/wp-json\/wp\/v2\/media?parent=815"}],"wp:term":[{"taxonomy":"product_cat","embeddable":true,"href":"https:\/\/adotaiamazonia.com.br\/en\/wp-json\/wp\/v2\/product_cat?post=815"},{"taxonomy":"product_tag","embeddable":true,"href":"https:\/\/adotaiamazonia.com.br\/en\/wp-json\/wp\/v2\/product_tag?post=815"}],"curies":[{"name":"wp","href":"https:\/\/api.w.org\/{rel}","templated":true}]}}