{"id":1110,"date":"2023-12-22T16:25:00","date_gmt":"2023-12-22T19:25:00","guid":{"rendered":"https:\/\/adotaiamazonia.com.br\/?post_type=product&#038;p=1110"},"modified":"2024-03-06T18:51:52","modified_gmt":"2024-03-06T21:51:52","slug":"espinheiro-8","status":"publish","type":"product","link":"https:\/\/adotaiamazonia.com.br\/en\/arvore\/espinheiro-8\/","title":{"rendered":"Espinheiro 8"},"content":{"rendered":"<p>\u00c1rvore 4-20m, glabra, tronco e ramos inermes ou as vezes r\u00e2mulos distais com ac\u00faleos espessos e esparsos.<\/p>\n<p>Distribui\u00e7\u00e3o: esp\u00e9cie amplamente distribu\u00edda, desde as ilhas do Caribe e norte do M\u00e9xico, atrav\u00e9s da Am\u00e9rica Central at\u00e9 a Am\u00e9rica do Sul, chegando \u00e0 Argentina e Paraguai. No Brasil ocorre em todas as regi\u00f5es e em quase todos os estados, desde florestas \u00famidas a mes\u00f3filas e semi-\u00e1ridas.<\/p>","protected":false},"excerpt":{"rendered":"<p>\u00c1rvore 4-20m, glabra, tronco e ramos inermes ou as vezes r\u00e2mulos distais com ac\u00faleos espessos e esparsos. Distribui\u00e7\u00e3o: esp\u00e9cie amplamente distribu\u00edda, desde as ilhas do Caribe e norte do M\u00e9xico, atrav\u00e9s da Am\u00e9rica Central at\u00e9 a Am\u00e9rica do Sul, chegando \u00e0 Argentina e Paraguai. No Brasil ocorre em todas as regi\u00f5es e em quase todos [&hellip;]<\/p>","protected":false},"featured_media":1097,"template":"","meta":{"_acf_changed":false},"product_cat":[21],"product_tag":[],"class_list":{"0":"post-1110","1":"product","2":"type-product","3":"status-publish","4":"has-post-thumbnail","6":"product_cat-arvores","8":"first","9":"instock","10":"sold-individually","11":"shipping-taxable","12":"purchasable","13":"product-type-variable-subscription","14":"has-default-attributes"},"acf":[],"_links":{"self":[{"href":"https:\/\/adotaiamazonia.com.br\/en\/wp-json\/wp\/v2\/product\/1110","targetHints":{"allow":["GET"]}}],"collection":[{"href":"https:\/\/adotaiamazonia.com.br\/en\/wp-json\/wp\/v2\/product"}],"about":[{"href":"https:\/\/adotaiamazonia.com.br\/en\/wp-json\/wp\/v2\/types\/product"}],"wp:featuredmedia":[{"embeddable":true,"href":"https:\/\/adotaiamazonia.com.br\/en\/wp-json\/wp\/v2\/media\/1097"}],"wp:attachment":[{"href":"https:\/\/adotaiamazonia.com.br\/en\/wp-json\/wp\/v2\/media?parent=1110"}],"wp:term":[{"taxonomy":"product_cat","embeddable":true,"href":"https:\/\/adotaiamazonia.com.br\/en\/wp-json\/wp\/v2\/product_cat?post=1110"},{"taxonomy":"product_tag","embeddable":true,"href":"https:\/\/adotaiamazonia.com.br\/en\/wp-json\/wp\/v2\/product_tag?post=1110"}],"curies":[{"name":"wp","href":"https:\/\/api.w.org\/{rel}","templated":true}]}}