{"id":1105,"date":"2023-12-22T16:20:00","date_gmt":"2023-12-22T19:20:00","guid":{"rendered":"https:\/\/adotaiamazonia.com.br\/?post_type=product&#038;p=1105"},"modified":"2024-09-16T14:00:03","modified_gmt":"2024-09-16T17:00:03","slug":"ipe-amarelo-2","status":"publish","type":"product","link":"https:\/\/adotaiamazonia.com.br\/en\/arvore\/ipe-amarelo-2\/","title":{"rendered":"Ip\u00ea amarelo 2"},"content":{"rendered":"<p>\u00e9 uma esp\u00e9cie de \u00e1rvore do g\u00eanero Handroanthus. No Brasil tamb\u00e9m \u00e9 conhecida como somente ip\u00ea-amarelo, ou ent\u00e3o: ip\u00ea-amarelo-da-mata, ip\u00ea-ovo-de-macuco, ip\u00ea-pardo, ip\u00ea-tabaco, pau-d\u2019arco-amarelo, pi\u00fava-amarela, tamur\u00e1-tu\u00edra. \u00c9 uma \u00e1rvore com porte que varia de m\u00e9dio a grande e pode atingir de 15 a 30 metros de altura. Possui o tronco fissurado formando finas placas que se soltam em pequenas quantidades. Suas flores s\u00e3o de cor amarelo-dourado e se formam em cachos. As vagens s\u00e3o bipartidas com comprimento entorno de 35 cm, com colora\u00e7\u00e3o marrom-escura, rugosa e sem pelos, que se abrem soltando sementes. As folhas possuem de cinco a quatro fol\u00edolos e bordas suavemente serrilhadas.<\/p>","protected":false},"excerpt":{"rendered":"<p>\u00e9 uma esp\u00e9cie de \u00e1rvore do g\u00eanero Handroanthus. No Brasil tamb\u00e9m \u00e9 conhecida como somente ip\u00ea-amarelo, ou ent\u00e3o: ip\u00ea-amarelo-da-mata, ip\u00ea-ovo-de-macuco, ip\u00ea-pardo, ip\u00ea-tabaco, pau-d\u2019arco-amarelo, pi\u00fava-amarela, tamur\u00e1-tu\u00edra. \u00c9 uma \u00e1rvore com porte que varia de m\u00e9dio a grande e pode atingir de 15 a 30 metros de altura. Possui o tronco fissurado formando finas placas que se [&hellip;]<\/p>","protected":false},"featured_media":987,"template":"","meta":{"_acf_changed":false},"product_cat":[21],"product_tag":[],"class_list":{"0":"post-1105","1":"product","2":"type-product","3":"status-publish","4":"has-post-thumbnail","6":"product_cat-arvores","8":"first","9":"outofstock","10":"sold-individually","11":"shipping-taxable","12":"purchasable","13":"product-type-variable-subscription"},"acf":[],"_links":{"self":[{"href":"https:\/\/adotaiamazonia.com.br\/en\/wp-json\/wp\/v2\/product\/1105","targetHints":{"allow":["GET"]}}],"collection":[{"href":"https:\/\/adotaiamazonia.com.br\/en\/wp-json\/wp\/v2\/product"}],"about":[{"href":"https:\/\/adotaiamazonia.com.br\/en\/wp-json\/wp\/v2\/types\/product"}],"wp:featuredmedia":[{"embeddable":true,"href":"https:\/\/adotaiamazonia.com.br\/en\/wp-json\/wp\/v2\/media\/987"}],"wp:attachment":[{"href":"https:\/\/adotaiamazonia.com.br\/en\/wp-json\/wp\/v2\/media?parent=1105"}],"wp:term":[{"taxonomy":"product_cat","embeddable":true,"href":"https:\/\/adotaiamazonia.com.br\/en\/wp-json\/wp\/v2\/product_cat?post=1105"},{"taxonomy":"product_tag","embeddable":true,"href":"https:\/\/adotaiamazonia.com.br\/en\/wp-json\/wp\/v2\/product_tag?post=1105"}],"curies":[{"name":"wp","href":"https:\/\/api.w.org\/{rel}","templated":true}]}}