{"id":1103,"date":"2023-12-22T16:18:00","date_gmt":"2023-12-22T19:18:00","guid":{"rendered":"https:\/\/adotaiamazonia.com.br\/?post_type=product&#038;p=1103"},"modified":"2024-03-06T18:52:05","modified_gmt":"2024-03-06T21:52:05","slug":"malva-branca-5","status":"publish","type":"product","link":"https:\/\/adotaiamazonia.com.br\/en\/arvore\/malva-branca-5\/","title":{"rendered":"Malva branca 5"},"content":{"rendered":"<p>Nomes vulgares por Unidades da Federa\u00e7\u00e3o: em Mato Grosso do Sul, jangada; no Paran\u00e1, jangada-brava; e no Estado de S\u00e3o Paulo, algodoeiro, cuiteleiro, embira-branca, jangada brava, pau-jangada e sangue-de-drago-falso.<\/p>\n<p>\u00e1rvore dec\u00eddua. As \u00e1rvores maiores atingem dimens\u00f5es pr\u00f3ximas a 20 m de altura e 70 cm de DAP (di\u00e2metro \u00e0 altura do peito, medido a 1,30 m do solo) na idade adulta.<\/p>\n<p>Outras caracter\u00edsticas: madeira de baixa resist\u00eancia mec\u00e2nica e pouco dur\u00e1vel quando exposta. \u00c9 dif\u00edcil de secar, devido \u00e0 sua alta contra\u00e7\u00e3o volum\u00e9trica. Em outros pa\u00edses, a madeira dessa esp\u00e9cie substitui a madeira de balsa (Ochroma pyramidale). Produtos e Utiliza\u00e7\u00f5es Celulose e papel: esp\u00e9cie adequada ao fabrico de pasta para papel (BOITEAUX, 1947). Energia: as cinzas da madeira dessa esp\u00e9cie cont\u00eam alto teor de pot\u00e1ssio. Madeira serrada e roli\u00e7a: a madeira pode ser empregada em obras internas, em caixotaria leve e na fabrica\u00e7\u00e3o de brinquedos, de l\u00e1pis e de miolo de compensado. Outros produtos: as fibras da casca s\u00e3o empregadas em v\u00e1rios trabalhos dom\u00e9sticos e rurais, tais como sogas e cordas.<\/p>\n<p>Plantios com finalidade ambiental: como planta pioneira de r\u00e1pido crescimento, \u00e9 \u00f3tima para plantios mistos destinados \u00e0 restaura\u00e7\u00e3o de \u00e1reas degradadas de preserva\u00e7\u00e3o permanente.<\/p>","protected":false},"excerpt":{"rendered":"<p>Nomes vulgares por Unidades da Federa\u00e7\u00e3o: em Mato Grosso do Sul, jangada; no Paran\u00e1, jangada-brava; e no Estado de S\u00e3o Paulo, algodoeiro, cuiteleiro, embira-branca, jangada brava, pau-jangada e sangue-de-drago-falso. \u00e1rvore dec\u00eddua. As \u00e1rvores maiores atingem dimens\u00f5es pr\u00f3ximas a 20 m de altura e 70 cm de DAP (di\u00e2metro \u00e0 altura do peito, medido a 1,30 [&hellip;]<\/p>","protected":false},"featured_media":1104,"template":"","meta":{"_acf_changed":false},"product_cat":[21],"product_tag":[],"class_list":{"0":"post-1103","1":"product","2":"type-product","3":"status-publish","4":"has-post-thumbnail","6":"product_cat-arvores","8":"first","9":"instock","10":"sold-individually","11":"shipping-taxable","12":"purchasable","13":"product-type-variable-subscription","14":"has-default-attributes"},"acf":[],"_links":{"self":[{"href":"https:\/\/adotaiamazonia.com.br\/en\/wp-json\/wp\/v2\/product\/1103","targetHints":{"allow":["GET"]}}],"collection":[{"href":"https:\/\/adotaiamazonia.com.br\/en\/wp-json\/wp\/v2\/product"}],"about":[{"href":"https:\/\/adotaiamazonia.com.br\/en\/wp-json\/wp\/v2\/types\/product"}],"wp:featuredmedia":[{"embeddable":true,"href":"https:\/\/adotaiamazonia.com.br\/en\/wp-json\/wp\/v2\/media\/1104"}],"wp:attachment":[{"href":"https:\/\/adotaiamazonia.com.br\/en\/wp-json\/wp\/v2\/media?parent=1103"}],"wp:term":[{"taxonomy":"product_cat","embeddable":true,"href":"https:\/\/adotaiamazonia.com.br\/en\/wp-json\/wp\/v2\/product_cat?post=1103"},{"taxonomy":"product_tag","embeddable":true,"href":"https:\/\/adotaiamazonia.com.br\/en\/wp-json\/wp\/v2\/product_tag?post=1103"}],"curies":[{"name":"wp","href":"https:\/\/api.w.org\/{rel}","templated":true}]}}