{"id":1101,"date":"2023-12-22T16:17:00","date_gmt":"2023-12-22T19:17:00","guid":{"rendered":"https:\/\/adotaiamazonia.com.br\/?post_type=product&#038;p=1101"},"modified":"2024-03-06T12:17:08","modified_gmt":"2024-03-06T15:17:08","slug":"cedro-rosa-2","status":"publish","type":"product","link":"https:\/\/adotaiamazonia.com.br\/en\/arvore\/cedro-rosa-2\/","title":{"rendered":"Cedro rosa 2"},"content":{"rendered":"<p>O cedro-cheiroso (Cedrela odorata), tamb\u00e9m conhecido pelos nomes vulgares de acaju, cedro-f\u00eamea, cedro-rosa, cedro-espanhol, cedro-vermelho, cedro-mogno e cedro-brasileiro[1] \u00e9 uma \u00e1rvore da fam\u00edlia das meli\u00e1ceas, com uma ampla distribui\u00e7\u00e3o natural, ocorrendo do M\u00e9xico a Argentina. No Brasil ocorre na Floresta Atl\u00e2ntica, na Amaz\u00f4nia e mesmo na Caatinga.Chega a atingir 35 m de altura e 150 cm de di\u00e2metro.<\/p>\n<p>A madeira caracteriza-se pelo seu cerne vermelho e \u00e9 muito utilizada e apreciada na produ\u00e7\u00e3o de mob\u00edlia. \u00c9 utilizada na produ\u00e7\u00e3o de \u00f3leo essencial utilizado em perfumaria.Em virtude de sua madeira de excelente qualidade, o cedro est\u00e1 amea\u00e7ado de extin\u00e7\u00e3o resultante da explora\u00e7\u00e3o excessiva. Pode ser utilizada para fins de carpintaria, constru\u00e7\u00e3o naval e aeron\u00e1utica. Tamb\u00e9m \u00e9 uma \u00f3tima aliada para restaura\u00e7\u00e3o de florestas.<\/p>","protected":false},"excerpt":{"rendered":"<p>O cedro-cheiroso (Cedrela odorata), tamb\u00e9m conhecido pelos nomes vulgares de acaju, cedro-f\u00eamea, cedro-rosa, cedro-espanhol, cedro-vermelho, cedro-mogno e cedro-brasileiro[1] \u00e9 uma \u00e1rvore da fam\u00edlia das meli\u00e1ceas, com uma ampla distribui\u00e7\u00e3o natural, ocorrendo do M\u00e9xico a Argentina. No Brasil ocorre na Floresta Atl\u00e2ntica, na Amaz\u00f4nia e mesmo na Caatinga.Chega a atingir 35 m de altura e 150 [&hellip;]<\/p>","protected":false},"featured_media":1102,"template":"","meta":{"_acf_changed":false},"product_cat":[21],"product_tag":[],"class_list":{"0":"post-1101","1":"product","2":"type-product","3":"status-publish","4":"has-post-thumbnail","6":"product_cat-arvores","8":"first","9":"instock","10":"sold-individually","11":"shipping-taxable","12":"purchasable","13":"product-type-variable-subscription","14":"has-default-attributes"},"acf":[],"_links":{"self":[{"href":"https:\/\/adotaiamazonia.com.br\/en\/wp-json\/wp\/v2\/product\/1101","targetHints":{"allow":["GET"]}}],"collection":[{"href":"https:\/\/adotaiamazonia.com.br\/en\/wp-json\/wp\/v2\/product"}],"about":[{"href":"https:\/\/adotaiamazonia.com.br\/en\/wp-json\/wp\/v2\/types\/product"}],"wp:featuredmedia":[{"embeddable":true,"href":"https:\/\/adotaiamazonia.com.br\/en\/wp-json\/wp\/v2\/media\/1102"}],"wp:attachment":[{"href":"https:\/\/adotaiamazonia.com.br\/en\/wp-json\/wp\/v2\/media?parent=1101"}],"wp:term":[{"taxonomy":"product_cat","embeddable":true,"href":"https:\/\/adotaiamazonia.com.br\/en\/wp-json\/wp\/v2\/product_cat?post=1101"},{"taxonomy":"product_tag","embeddable":true,"href":"https:\/\/adotaiamazonia.com.br\/en\/wp-json\/wp\/v2\/product_tag?post=1101"}],"curies":[{"name":"wp","href":"https:\/\/api.w.org\/{rel}","templated":true}]}}