{"id":1098,"date":"2023-12-22T16:14:00","date_gmt":"2023-12-22T19:14:00","guid":{"rendered":"https:\/\/adotaiamazonia.com.br\/?post_type=product&#038;p=1098"},"modified":"2024-03-06T12:17:35","modified_gmt":"2024-03-06T15:17:35","slug":"angelim-amargoso-5","status":"publish","type":"product","link":"https:\/\/adotaiamazonia.com.br\/en\/arvore\/angelim-amargoso-5\/","title":{"rendered":"Angelim-amargoso 5"},"content":{"rendered":"<p>Nomes Comuns: Angelim-amargoso, Fava-amargosa, Fava-bolacha, Faveira-amargosa, Faveira-bolacha, Sapupira-amarela, Sucupira-amarela\u00c1rvore:<\/p>\n<p>Caracter\u00edsticas: Cerne\/alburno: distintos; Espessura do alburno: 1,5cm a 8,0cm; Cor do cerne: marrom-amarelado-escuro ( 10YR 3\/4) com listras amarelo-amarronzado (10YR 6\/6); Cor do alburno: cinza-rosado (7,5YR 7\/2); An\u00e9is de crescimento: indistintos; Gr\u00e3: cruzada irregular; Textura: m\u00e9dia a grossa; Figura tangencial: de aspecto fibroso atenuado causado por destaque de par\u00eanquima axial e linhas vasculares; Figura radial: de aspecto fibroso atenuado causado por destaque de par\u00eanquima axial e linhas vasculares; Brilho: ausente; Cheiro: indistinto; Resist\u00eancia ao corte transversal manual: dura.Preserva\u00e7\u00e3o: O cerne da madeira n\u00e3o \u00e9 trat\u00e1vel com CCA (hidrossol\u00favel).Secagem em estufa: R\u00e1pida (5,0 dias), com moderada tend\u00eancia ao encanoamento e torcimento m\u00e9dios.Uso final: constru\u00e7\u00e3o pesada, constru\u00e7\u00e3o leve, embarca\u00e7\u00f5es, m\u00f3veis e artigos dom\u00e9sticos decorativos, torneados, brinquedos e chapas.<\/p>","protected":false},"excerpt":{"rendered":"<p>Nomes Comuns: Angelim-amargoso, Fava-amargosa, Fava-bolacha, Faveira-amargosa, Faveira-bolacha, Sapupira-amarela, Sucupira-amarela\u00c1rvore: Caracter\u00edsticas: Cerne\/alburno: distintos; Espessura do alburno: 1,5cm a 8,0cm; Cor do cerne: marrom-amarelado-escuro ( 10YR 3\/4) com listras amarelo-amarronzado (10YR 6\/6); Cor do alburno: cinza-rosado (7,5YR 7\/2); An\u00e9is de crescimento: indistintos; Gr\u00e3: cruzada irregular; Textura: m\u00e9dia a grossa; Figura tangencial: de aspecto fibroso atenuado causado por [&hellip;]<\/p>","protected":false},"featured_media":1099,"template":"","meta":{"_acf_changed":false},"product_cat":[21],"product_tag":[],"class_list":{"0":"post-1098","1":"product","2":"type-product","3":"status-publish","4":"has-post-thumbnail","6":"product_cat-arvores","8":"first","9":"instock","10":"sold-individually","11":"shipping-taxable","12":"purchasable","13":"product-type-variable-subscription","14":"has-default-attributes"},"acf":[],"_links":{"self":[{"href":"https:\/\/adotaiamazonia.com.br\/en\/wp-json\/wp\/v2\/product\/1098","targetHints":{"allow":["GET"]}}],"collection":[{"href":"https:\/\/adotaiamazonia.com.br\/en\/wp-json\/wp\/v2\/product"}],"about":[{"href":"https:\/\/adotaiamazonia.com.br\/en\/wp-json\/wp\/v2\/types\/product"}],"wp:featuredmedia":[{"embeddable":true,"href":"https:\/\/adotaiamazonia.com.br\/en\/wp-json\/wp\/v2\/media\/1099"}],"wp:attachment":[{"href":"https:\/\/adotaiamazonia.com.br\/en\/wp-json\/wp\/v2\/media?parent=1098"}],"wp:term":[{"taxonomy":"product_cat","embeddable":true,"href":"https:\/\/adotaiamazonia.com.br\/en\/wp-json\/wp\/v2\/product_cat?post=1098"},{"taxonomy":"product_tag","embeddable":true,"href":"https:\/\/adotaiamazonia.com.br\/en\/wp-json\/wp\/v2\/product_tag?post=1098"}],"curies":[{"name":"wp","href":"https:\/\/api.w.org\/{rel}","templated":true}]}}