{"id":53,"date":"2023-10-30T09:42:42","date_gmt":"2023-10-30T12:42:42","guid":{"rendered":"https:\/\/adotaiamazonia.com.br\/cart\/"},"modified":"2024-04-14T19:08:08","modified_gmt":"2024-04-14T22:08:08","slug":"cart","status":"publish","type":"page","link":"https:\/\/adotaiamazonia.com.br\/en\/cart\/","title":{"rendered":"Carrinho"},"content":{"rendered":"<div data-elementor-type=\"wp-page\" data-elementor-id=\"53\" class=\"elementor elementor-53\" data-elementor-post-type=\"page\">\n\t\t\t\t<div class=\"elementor-element elementor-element-146ba02 e-flex e-con-boxed e-con e-parent\" data-id=\"146ba02\" data-element_type=\"container\" data-settings=\"{&quot;jet_parallax_layout_list&quot;:[]}\">\n\t\t\t\t\t<div class=\"e-con-inner\">\n\t\t\t\t<div class=\"elementor-element elementor-element-f7ee59d elementor-widget elementor-widget-html\" data-id=\"f7ee59d\" data-element_type=\"widget\" data-widget_type=\"html.default\">\n\t\t\t\t<div class=\"elementor-widget-container\">\n\t\t\t<script>\nvar targetDiv = document.querySelector('.e-cart__column.e-cart__column-start');\n\nvar newButton = document.createElement('button');\nnewButton.textContent = 'Incluir outras esp\u00e9cies de \u00e1rvores em p\u00e9 ou mudas'; \nnewButton.className = 'botao-carrinho';\n\nnewButton.addEventListener('click', function(event) {\n  window.location.href = 'https:\/\/adotaiamazonia.com.br\/preservar\/';\n});\n\ntargetDiv.appendChild(newButton);\n<\/script>\n\n<style>\n    .botao-carrinho {\n        margin-top: 20px;\n        border-radius: 4px !important;\n        border: 0px;\n    }\n    \n<\/style>\t\t<\/div>\n\t\t\t\t<\/div>\n\t\t\t\t<div class=\"elementor-element elementor-element-9e854c9 elementor-hidden-desktop elementor-hidden-tablet elementor-hidden-mobile elementor-widget elementor-widget-button\" data-id=\"9e854c9\" data-element_type=\"widget\" data-widget_type=\"button.default\">\n\t\t\t\t<div class=\"elementor-widget-container\">\n\t\t\t\t\t\t\t<div class=\"elementor-button-wrapper\">\n\t\t\t\t\t<a class=\"elementor-button elementor-button-link elementor-size-sm\" href=\"https:\/\/adotaiamazonia.com.br\/en\/preservar\/\">\n\t\t\t\t\t\t<span class=\"elementor-button-content-wrapper\">\n\t\t\t\t\t\t\t\t\t<span class=\"elementor-button-text\">Incluir outras esp\u00e9cies de \u00e1rvores em p\u00e9 ou mudas<\/span>\n\t\t\t\t\t<\/span>\n\t\t\t\t\t<\/a>\n\t\t\t\t<\/div>\n\t\t\t\t\t\t<\/div>\n\t\t\t\t<\/div>\n\t\t\t\t\t<\/div>\n\t\t\t\t<\/div>\n\t\t\t\t<\/div>","protected":false},"excerpt":{"rendered":"<p>Remover item Imagem de miniatura Produto Pre\u00e7o Quantidade Subtotal &times; Arvore Tutorial Inscri\u00e7\u00e3o: Mensal &#82;&#36;&nbsp;10,00 \/ m\u00eas Arvore Tutorial &#8211; Mensal quantidade &#82;&#36;&nbsp;10,00 \/ m\u00eas &times; Espinheiro 8 Inscri\u00e7\u00e3o: Mensal &#82;&#36;&nbsp;10,00 \/ m\u00eas Espinheiro 8 &#8211; Mensal quantidade &#82;&#36;&nbsp;10,00 \/ m\u00eas Total Subtotal &#82;&#36;&nbsp;20,00 Total &#82;&#36;&nbsp;20,00 Totais recorrentes Subtotal &#082;&#036;&nbsp;20,00 \/ m\u00eas Total recorrente &#082;&#036;&nbsp;20,00 [&hellip;]<\/p>","protected":false},"author":6,"featured_media":0,"parent":0,"menu_order":14,"comment_status":"closed","ping_status":"closed","template":"","meta":{"_acf_changed":false,"footnotes":""},"class_list":["post-53","page","type-page","status-publish","hentry"],"acf":[],"_links":{"self":[{"href":"https:\/\/adotaiamazonia.com.br\/en\/wp-json\/wp\/v2\/pages\/53","targetHints":{"allow":["GET"]}}],"collection":[{"href":"https:\/\/adotaiamazonia.com.br\/en\/wp-json\/wp\/v2\/pages"}],"about":[{"href":"https:\/\/adotaiamazonia.com.br\/en\/wp-json\/wp\/v2\/types\/page"}],"author":[{"embeddable":true,"href":"https:\/\/adotaiamazonia.com.br\/en\/wp-json\/wp\/v2\/users\/6"}],"replies":[{"embeddable":true,"href":"https:\/\/adotaiamazonia.com.br\/en\/wp-json\/wp\/v2\/comments?post=53"}],"version-history":[{"count":50,"href":"https:\/\/adotaiamazonia.com.br\/en\/wp-json\/wp\/v2\/pages\/53\/revisions"}],"predecessor-version":[{"id":3093,"href":"https:\/\/adotaiamazonia.com.br\/en\/wp-json\/wp\/v2\/pages\/53\/revisions\/3093"}],"wp:attachment":[{"href":"https:\/\/adotaiamazonia.com.br\/en\/wp-json\/wp\/v2\/media?parent=53"}],"curies":[{"name":"wp","href":"https:\/\/api.w.org\/{rel}","templated":true}]}}