{"id":1851,"date":"2024-02-29T19:59:04","date_gmt":"2024-02-29T22:59:04","guid":{"rendered":"https:\/\/adotaiamazonia.com.br\/?page_id=1851"},"modified":"2024-06-03T15:35:33","modified_gmt":"2024-06-03T18:35:33","slug":"certificado","status":"publish","type":"page","link":"https:\/\/adotaiamazonia.com.br\/en\/certificado\/","title":{"rendered":"Certificate"},"content":{"rendered":"<div data-elementor-type=\"wp-page\" data-elementor-id=\"1851\" class=\"elementor elementor-1851\" data-elementor-post-type=\"page\">\n\t\t\t\t<div class=\"elementor-element elementor-element-5a88a8e e-con-full e-flex e-con e-parent\" data-id=\"5a88a8e\" data-element_type=\"container\" data-settings=\"{&quot;jet_parallax_layout_list&quot;:[]}\">\n\t\t\t\t<div class=\"elementor-element elementor-element-32ab3dd elementor-widget__width-inherit elementor-widget elementor-widget-html\" data-id=\"32ab3dd\" data-element_type=\"widget\" data-widget_type=\"html.default\">\n\t\t\t\t<div class=\"elementor-widget-container\">\n\t\t\t<script src=\"https:\/\/unpkg.com\/jspdf@latest\/dist\/jspdf.umd.min.js\"><\/script>\r\n    <script src=\"https:\/\/html2canvas.hertzen.com\/dist\/html2canvas.min.js\"><\/script>\r\n    <link rel=\"preconnect\" href=\"https:\/\/fonts.googleapis.com\">\r\n    <link rel=\"preconnect\" href=\"https:\/\/fonts.gstatic.com\" crossorigin>\r\n    <link href=\"https:\/\/fonts.googleapis.com\/css2?family=Georama:ital,wght@0,100..900;1,100..900&display=swap\" rel=\"stylesheet\">\r\n    <style>\r\n        html,\r\n        body {\r\n            margin: 0px;\r\n            padding: 0px;\r\n            font-family: \"Georama\", sans-serif;\r\n        }\r\n\r\n        #certificado {\r\n            overflow: overlay;\r\n            \/* width: 100%; *\/\r\n            width: 1121px !important;\r\n            height: 794px !important;\r\n            background-image: url(https:\/\/adotaiamazonia.com.br\/cert\/CertBR.webp);\r\n            background-size: cover;\r\n            background-repeat: no-repeat;\r\n        }\r\n\r\n        #nome_certificado {\r\n            color: #46551E;\r\n            font-size: 36px;\r\n            line-height: 0px;\r\n            margin-top: 120px;\r\n        }\r\n        \r\n        #texto_certificado {\r\n            color: #46551E;\r\n            margin-top: 25px;\r\n            font-size: 18px;\r\n        }\r\n        \r\n        #data_certificado {\r\n            color: #46551E;\r\n            font-size: 14px;\r\n        }\r\n\r\n        #certificado_bg {\r\n            position: absolute;\r\n            z-index: -1;\r\n        }\r\n\r\n        #layout {\r\n            width: 100%;\r\n            height: 100%;\r\n            display: flex;\r\n            flex-direction: column;\r\n            align-items: center;\r\n            justify-content: center;\r\n        }\r\n\r\n        #overlay {\r\n            width: 100%;\r\n            height: 100svh;\r\n            background-color: #000;\r\n            position: absolute;\r\n            z-index: 999;\r\n            top: 0;\r\n        }\r\n        \r\n        .texto_validade {\r\n            color: #46551E;\r\n            font-size: 14px;\r\n        }\r\n\r\n        @media and (max-width: 1024px) {\r\n            #certificado {\r\n                overflow: overlay;\r\n                \/*width: 100%;*\/\r\n                width: 100% !important;\r\n                height: 794px !important;\r\n            }\r\n        }\r\n\r\n    <\/style>\r\n    \r\n    <div id=\"certificado\">\r\n        <div id=\"layout\">\r\n            <h1 id=\"nome_certificado\"> <\/h1>\r\n            <p id=\"texto_certificado\">Pela preserva\u00e7\u00e3o de Voc\u00ea precisa estar logado para ver este conte\u00fado. \u00e1rvore(s) na Floresta Amaz\u00f4nica.<\/p>\r\n            <p class=\"texto_validade\">Certificado emitido em <span id=\"data_certificado\">01\/01\/01<\/span>, v\u00e1lido at\u00e9 Usu\u00e1rio n\u00e3o est\u00e1 logado ou n\u00e3o \u00e9 um cliente do WooCommerce..<\/p>\r\n        <\/div>\r\n\r\n\r\n    <\/div>\r\n    <script>\r\n    var elemento = document.getElementById(\"data_certificado\");\r\n    \r\n    var dataAtual = new Date();\r\n    \r\n    var meses = [\"January\", \"February\", \"March\", \"April\", \"May\", \"June\", \r\n                  \"July\", \"August\", \"September\", \"October\", \"November\", \"December\"];\r\n    \r\n    elemento.innerHTML = (\"0\" + (dataAtual.getDate())).slice(-2) + \"\/\" + \r\n                          (\"0\" + (dataAtual.getMonth() + 1)).slice(-2) + \"\/\" + \r\n                          dataAtual.getFullYear();\r\n<\/script>\r\n    \r\n    <script>\r\n        const {\r\n            jsPDF\r\n        } = window.jspdf;\r\n\r\n        const doc = new jsPDF({\r\n            orientation: \"landscape\",\r\n            unit: \"px\",\r\n            \/\/format: a4\r\n            \r\n        });\r\n        html2canvas(document.getElementById('certificado'), {\r\n            allowTaint: true, scale: 1\r\n        }).then(function(canvas) {\r\n            var imgData = canvas.toDataURL('image\/png');\r\n\r\n            doc.addImage(imgData, 'jpg', 0, 0);\r\n            doc.save('Certificado_Adotai.pdf');\r\n        });\r\n\r\n    <\/script>\t\t<\/div>\n\t\t\t\t<\/div>\n\t\t\t\t<\/div>\n\t\t<div class=\"elementor-element elementor-element-a15f1b8 e-con-full e-flex e-con e-parent\" data-id=\"a15f1b8\" data-element_type=\"container\" data-settings=\"{&quot;background_background&quot;:&quot;classic&quot;,&quot;position&quot;:&quot;fixed&quot;,&quot;jet_parallax_layout_list&quot;:[]}\">\n\t\t\t\t<div class=\"elementor-element elementor-element-692d208 elementor-widget__width-initial elementor-align-center elementor-widget elementor-widget-lottie\" data-id=\"692d208\" data-element_type=\"widget\" data-settings=\"{&quot;source_json&quot;:{&quot;url&quot;:&quot;https:\\\/\\\/adotaiamazonia.com.br\\\/wp-content\\\/uploads\\\/2024\\\/04\\\/Animation-1713121860048.json&quot;,&quot;id&quot;:2893,&quot;size&quot;:&quot;&quot;,&quot;alt&quot;:&quot;&quot;,&quot;source&quot;:&quot;library&quot;},&quot;play_speed&quot;:{&quot;unit&quot;:&quot;px&quot;,&quot;size&quot;:0.9,&quot;sizes&quot;:[]},&quot;source&quot;:&quot;media_file&quot;,&quot;caption_source&quot;:&quot;none&quot;,&quot;link_to&quot;:&quot;none&quot;,&quot;trigger&quot;:&quot;arriving_to_viewport&quot;,&quot;viewport&quot;:{&quot;unit&quot;:&quot;%&quot;,&quot;size&quot;:&quot;&quot;,&quot;sizes&quot;:{&quot;start&quot;:0,&quot;end&quot;:100}},&quot;start_point&quot;:{&quot;unit&quot;:&quot;%&quot;,&quot;size&quot;:0,&quot;sizes&quot;:[]},&quot;end_point&quot;:{&quot;unit&quot;:&quot;%&quot;,&quot;size&quot;:100,&quot;sizes&quot;:[]},&quot;renderer&quot;:&quot;svg&quot;}\" data-widget_type=\"lottie.default\">\n\t\t\t\t<div class=\"elementor-widget-container\">\n\t\t\t<div class=\"e-lottie__container\"><div class=\"e-lottie__animation\"><\/div><\/div>\t\t<\/div>\n\t\t\t\t<\/div>\n\t\t\t\t<div class=\"elementor-element elementor-element-a680b55 animado elementor-widget elementor-widget-heading\" data-id=\"a680b55\" data-element_type=\"widget\" data-widget_type=\"heading.default\">\n\t\t\t\t<div class=\"elementor-widget-container\">\n\t\t\t<h2 class=\"elementor-heading-title elementor-size-default\">Generating Certificate<\/h2>\t\t<\/div>\n\t\t\t\t<\/div>\n\t\t\t\t<div class=\"elementor-element elementor-element-a55799f elementor-hidden-tablet elementor-hidden-mobile elementor-widget elementor-widget-text-editor\" data-id=\"a55799f\" data-element_type=\"widget\" data-widget_type=\"text-editor.default\">\n\t\t\t\t<div class=\"elementor-widget-container\">\n\t\t\t\t\t\t\t<p>O certificado ser\u00e1 gerado em instantes e baixado automaticamente.<\/p>\t\t\t\t\t\t<\/div>\n\t\t\t\t<\/div>\n\t\t\t\t<div class=\"elementor-element elementor-element-bad87c4 elementor-align-center elementor-widget elementor-widget-button\" data-id=\"bad87c4\" data-element_type=\"widget\" data-widget_type=\"button.default\">\n\t\t\t\t<div class=\"elementor-widget-container\">\n\t\t\t\t\t\t\t<div class=\"elementor-button-wrapper\">\n\t\t\t\t\t<a class=\"elementor-button elementor-button-link elementor-size-sm\" href=\"https:\/\/adotaiamazonia.com.br\/en\/minha-arvore\/\">\n\t\t\t\t\t\t<span class=\"elementor-button-content-wrapper\">\n\t\t\t\t\t\t\t\t\t<span class=\"elementor-button-text\">Go back to main page<\/span>\n\t\t\t\t\t<\/span>\n\t\t\t\t\t<\/a>\n\t\t\t\t<\/div>\n\t\t\t\t\t\t<\/div>\n\t\t\t\t<\/div>\n\t\t\t\t<\/div>\n\t\t<div class=\"elementor-element elementor-element-3aa3480 e-flex e-con-boxed e-con e-parent\" data-id=\"3aa3480\" data-element_type=\"container\" data-settings=\"{&quot;jet_parallax_layout_list&quot;:[]}\">\n\t\t\t\t\t<div class=\"e-con-inner\">\n\t\t\t\t\t<\/div>\n\t\t\t\t<\/div>\n\t\t\t\t<\/div>","protected":false},"excerpt":{"rendered":"<p>Pela preserva\u00e7\u00e3o de \u00e1rvore(s) na Floresta Amaz\u00f4nica. Certificado emitido em 01\/01\/01, v\u00e1lido at\u00e9 . Gerando certificado O certificado ser\u00e1 gerado em instantes e baixado automaticamente. Voltar a pagina principal<\/p>","protected":false},"author":6,"featured_media":0,"parent":0,"menu_order":17,"comment_status":"closed","ping_status":"closed","template":"elementor_canvas","meta":{"_acf_changed":false,"footnotes":""},"class_list":["post-1851","page","type-page","status-publish","hentry"],"acf":[],"_links":{"self":[{"href":"https:\/\/adotaiamazonia.com.br\/en\/wp-json\/wp\/v2\/pages\/1851","targetHints":{"allow":["GET"]}}],"collection":[{"href":"https:\/\/adotaiamazonia.com.br\/en\/wp-json\/wp\/v2\/pages"}],"about":[{"href":"https:\/\/adotaiamazonia.com.br\/en\/wp-json\/wp\/v2\/types\/page"}],"author":[{"embeddable":true,"href":"https:\/\/adotaiamazonia.com.br\/en\/wp-json\/wp\/v2\/users\/6"}],"replies":[{"embeddable":true,"href":"https:\/\/adotaiamazonia.com.br\/en\/wp-json\/wp\/v2\/comments?post=1851"}],"version-history":[{"count":286,"href":"https:\/\/adotaiamazonia.com.br\/en\/wp-json\/wp\/v2\/pages\/1851\/revisions"}],"predecessor-version":[{"id":3282,"href":"https:\/\/adotaiamazonia.com.br\/en\/wp-json\/wp\/v2\/pages\/1851\/revisions\/3282"}],"wp:attachment":[{"href":"https:\/\/adotaiamazonia.com.br\/en\/wp-json\/wp\/v2\/media?parent=1851"}],"curies":[{"name":"wp","href":"https:\/\/api.w.org\/{rel}","templated":true}]}}