{"id":1272,"date":"2024-02-05T14:06:41","date_gmt":"2024-02-05T17:06:41","guid":{"rendered":"https:\/\/adotaiamazonia.com.br\/?page_id=1272"},"modified":"2024-02-28T07:45:10","modified_gmt":"2024-02-28T10:45:10","slug":"blog","status":"publish","type":"page","link":"https:\/\/adotaiamazonia.com.br\/en\/blog\/","title":{"rendered":"Blog"},"content":{"rendered":"<div data-elementor-type=\"wp-page\" data-elementor-id=\"1272\" class=\"elementor elementor-1272\" data-elementor-post-type=\"page\">\n\t\t\t\t<div class=\"elementor-element elementor-element-f46f4a6 e-flex e-con-boxed e-con e-parent\" data-id=\"f46f4a6\" data-element_type=\"container\" data-settings=\"{&quot;background_background&quot;:&quot;classic&quot;,&quot;jet_parallax_layout_list&quot;:[]}\">\n\t\t\t\t\t<div class=\"e-con-inner\">\n\t\t\t\t<div class=\"elementor-element elementor-element-923e5dc elementor-widget elementor-widget-heading\" data-id=\"923e5dc\" data-element_type=\"widget\" data-widget_type=\"heading.default\">\n\t\t\t\t<div class=\"elementor-widget-container\">\n\t\t\t<h2 class=\"elementor-heading-title elementor-size-default\">Blog<\/h2>\t\t<\/div>\n\t\t\t\t<\/div>\n\t\t\t\t<div class=\"elementor-element elementor-element-78cee23 elementor-widget elementor-widget-heading\" data-id=\"78cee23\" data-element_type=\"widget\" data-widget_type=\"heading.default\">\n\t\t\t\t<div class=\"elementor-widget-container\">\n\t\t\t<p class=\"elementor-heading-title elementor-size-default\">Latest news and updates about us and our work<\/p>\t\t<\/div>\n\t\t\t\t<\/div>\n\t\t\t\t\t<\/div>\n\t\t\t\t<\/div>\n\t\t<div class=\"elementor-element elementor-element-bd1ec8f e-flex e-con-boxed e-con e-parent\" data-id=\"bd1ec8f\" data-element_type=\"container\" data-settings=\"{&quot;jet_parallax_layout_list&quot;:[]}\">\n\t\t\t\t\t<div class=\"e-con-inner\">\n\t\t\t\t<div class=\"elementor-element elementor-element-c5ad29b elementor-widget elementor-widget-tfposts\" data-id=\"c5ad29b\" data-element_type=\"widget\" data-widget_type=\"tfposts.default\">\n\t\t\t\t<div class=\"elementor-widget-container\">\n\t\t\t\t\t<div id=\"tf-posts-c5ad29b\" class=\"tf-posts-c5ad29b tf-posts-wrap     no-arrow no-bullets  featured-post-\" data-tabid=\"c5ad29b\" data-class_id=\"tf-posts-c5ad29b\" data-loop=\"\" data-auto=\"\" data-column=\"\" data-column2=\"\" data-column3=\"\" data-spacer=\"\" data-prev_icon=\"\" data-next_icon=\"\" >\t\t\t\r\n\t\t\t<div class=\"tf-posts  list\">\r\n\t\t\t\t\t\t\t\t\t\t\r\n\t\t\t\t\t\t\t\t<div class=\"column\">\r\n\t\t\t\t\t<div class=\"entry blog-post\">\r\n\t\t\t\t\t\t\t\t\t\t\t\t\t\t<div class=\"featured-post\">\r\n\t\t\t\t\t\t\t\t\t<img decoding=\"async\" src=\"https:\/\/adotaiamazonia.com.br\/wp-content\/uploads\/2023\/10\/2323k.jpg\" alt=\"image\">\t\t\t\t\t\t\t\t\t\t\t\t\t\t\t\t\t\t<a href=\"https:\/\/adotaiamazonia.com.br\/en\/projeto-adote-uma-arvore-sera-desenvolvido-na-comunidade-faveira-em-mojui-dos-campos\/\" class=\"overlay\">\r\n\t\t\t\t\t\t\t\t\t\t<i class=\"\" aria-hidden=\"true\"><\/i>\t\t\t\t\t\t\t\t\t<\/a>\r\n\t\t\t\t\t\t\t\t\t\t\t\t\t\t\t\t\t\t\r\n\t\t\t\t\t\t\t\t<\/div>\r\n\t\t\t\t\t\t\t\t\t\t\t\t\t\t<div class=\"content\">\r\n\t\t\t\t\t\t\t\t\r\n\t\t\t\t\t\t\t\t\t\t\t\t\t\t\t\t\t<h2 class=\"title\"><a href=\"https:\/\/adotaiamazonia.com.br\/en\/projeto-adote-uma-arvore-sera-desenvolvido-na-comunidade-faveira-em-mojui-dos-campos\/\" title=\"Projeto \u2018Adote uma \u00e1rvore\u2019 ser\u00e1 desenvolvido na comunidade Faveira, em Moju\u00ed dos Campos\">Projeto \u2018Adote uma \u00e1rvore\u2019 ser\u00e1 desenvolvido na comunidade Faveira, em Moju\u00ed dos Campos<\/a><\/h2>\r\n\t\t\t\t\t\t\t\t\r\n\t\t\t\t\t\t\t\t\r\n\t\t\t\t\t\t\t\t\t\t\t\t\t\t\t\t\t<div class=\"content-post\">O projeto \u2018Adote uma \u00c1rvore\u2019 organizado pelo Instituto Terra Verde Brasil, est\u00e1 em fase de implanta\u00e7\u00e3o na comunidade de Faveira, no munic\u00edpio de Moju\u00ed dos Campos, regi\u00e3o Oeste do Par\u00e1.&hellip;<\/div>\r\n\t\t\t\t\t\t\t\t\t\t\t\t\t\t\t\t\r\n\t\t\t\t\t\t\t\t\t\t\t\t\t\t\t\t\t<div class=\"tf-button-container\">\r\n\t\t\t\t\t\t\t\t\t\t<a href=\"https:\/\/adotaiamazonia.com.br\/en\/projeto-adote-uma-arvore-sera-desenvolvido-na-comunidade-faveira-em-mojui-dos-campos\/\" class=\"tf-button bt_icon_after\">\r\n\t\t\t\t\t\t\t\t\t\t\tLeia Mais<i class=\"fas fa-angle-double-right\" aria-hidden=\"true\"><\/i> \r\n\t\t\t\t\t\t\t\t\t\t<\/a>\r\n\t\t\t\t\t\t\t\t\t<\/div>\r\n\t\t\t\t\t\t\t\t\t\t\t\t\t\t\r\n\t\t\t\t\t\t\t<\/div>\r\n\t\t\t\t\t\t\t\t\t\t\t\t\t\r\n\t\t\t\t\t<\/div>\r\n\t\t\t\t<\/div>\r\n\t\t\t\t\t\t\t\t<div class=\"column\">\r\n\t\t\t\t\t<div class=\"entry blog-post\">\r\n\t\t\t\t\t\t\t\t\t\t\t\t\t\t<div class=\"featured-post\">\r\n\t\t\t\t\t\t\t\t\t<img decoding=\"async\" src=\"https:\/\/adotaiamazonia.com.br\/wp-content\/uploads\/2023\/10\/Annette-Reeves-1024x576.jpeg\" alt=\"image\">\t\t\t\t\t\t\t\t\t\t\t\t\t\t\t\t\t\t<a href=\"https:\/\/adotaiamazonia.com.br\/en\/mes-da-amazonia\/\" class=\"overlay\">\r\n\t\t\t\t\t\t\t\t\t\t<i class=\"\" aria-hidden=\"true\"><\/i>\t\t\t\t\t\t\t\t\t<\/a>\r\n\t\t\t\t\t\t\t\t\t\t\t\t\t\t\t\t\t\t\r\n\t\t\t\t\t\t\t\t<\/div>\r\n\t\t\t\t\t\t\t\t\t\t\t\t\t\t<div class=\"content\">\r\n\t\t\t\t\t\t\t\t\r\n\t\t\t\t\t\t\t\t\t\t\t\t\t\t\t\t\t<h2 class=\"title\"><a href=\"https:\/\/adotaiamazonia.com.br\/en\/mes-da-amazonia\/\" title=\"M\u00eas da Amaz\u00f4nia\">M\u00eas da Amaz\u00f4nia<\/a><\/h2>\r\n\t\t\t\t\t\t\t\t\r\n\t\t\t\t\t\t\t\t\r\n\t\t\t\t\t\t\t\t\t\t\t\t\t\t\t\t\t<div class=\"content-post\">Setembro marca o m\u00eas da Amaz\u00f4nia, um per\u00edodo especial para refletir sobre a import\u00e2ncia desse tesouro natural que abriga parte importante da biodiversidade global. A Amaz\u00f4nia \u00e9 muito mais do&hellip;<\/div>\r\n\t\t\t\t\t\t\t\t\t\t\t\t\t\t\t\t\r\n\t\t\t\t\t\t\t\t\t\t\t\t\t\t\t\t\t<div class=\"tf-button-container\">\r\n\t\t\t\t\t\t\t\t\t\t<a href=\"https:\/\/adotaiamazonia.com.br\/en\/mes-da-amazonia\/\" class=\"tf-button bt_icon_after\">\r\n\t\t\t\t\t\t\t\t\t\t\tLeia Mais<i class=\"fas fa-angle-double-right\" aria-hidden=\"true\"><\/i> \r\n\t\t\t\t\t\t\t\t\t\t<\/a>\r\n\t\t\t\t\t\t\t\t\t<\/div>\r\n\t\t\t\t\t\t\t\t\t\t\t\t\t\t\r\n\t\t\t\t\t\t\t<\/div>\r\n\t\t\t\t\t\t\t\t\t\t\t\t\t\r\n\t\t\t\t\t<\/div>\r\n\t\t\t\t<\/div>\r\n\t\t\t\t\t\t\t\t<div class=\"column\">\r\n\t\t\t\t\t<div class=\"entry blog-post\">\r\n\t\t\t\t\t\t\t\t\t\t\t\t\t\t<div class=\"featured-post\">\r\n\t\t\t\t\t\t\t\t\t<img decoding=\"async\" src=\"https:\/\/adotaiamazonia.com.br\/wp-content\/uploads\/2023\/10\/dia-da-arvore.webp\" alt=\"image\">\t\t\t\t\t\t\t\t\t\t\t\t\t\t\t\t\t\t<a href=\"https:\/\/adotaiamazonia.com.br\/en\/dia-da-arvore-conheca-aspectos-e-importancia-das-arvores\/\" class=\"overlay\">\r\n\t\t\t\t\t\t\t\t\t\t<i class=\"\" aria-hidden=\"true\"><\/i>\t\t\t\t\t\t\t\t\t<\/a>\r\n\t\t\t\t\t\t\t\t\t\t\t\t\t\t\t\t\t\t\r\n\t\t\t\t\t\t\t\t<\/div>\r\n\t\t\t\t\t\t\t\t\t\t\t\t\t\t<div class=\"content\">\r\n\t\t\t\t\t\t\t\t\r\n\t\t\t\t\t\t\t\t\t\t\t\t\t\t\t\t\t<h2 class=\"title\"><a href=\"https:\/\/adotaiamazonia.com.br\/en\/dia-da-arvore-conheca-aspectos-e-importancia-das-arvores\/\" title=\"Dia da \u00c1rvore: conhe\u00e7a aspectos e import\u00e2ncia das \u00e1rvores\">Dia da \u00c1rvore: conhe\u00e7a aspectos e import\u00e2ncia das \u00e1rvores<\/a><\/h2>\r\n\t\t\t\t\t\t\t\t\r\n\t\t\t\t\t\t\t\t\r\n\t\t\t\t\t\t\t\t\t\t\t\t\t\t\t\t\t<div class=\"content-post\">Dia da \u00c1rvore: conhe\u00e7a aspectos e import\u00e2ncia das \u00e1rvores - Brasil Escola O Dia da \u00c1rvore \u00e9 celebrado nesta quinta-feira, 21 de setembro. Especialista comenta sobre a import\u00e2ncia das \u00e1rvores&hellip;<\/div>\r\n\t\t\t\t\t\t\t\t\t\t\t\t\t\t\t\t\r\n\t\t\t\t\t\t\t\t\t\t\t\t\t\t\t\t\t<div class=\"tf-button-container\">\r\n\t\t\t\t\t\t\t\t\t\t<a href=\"https:\/\/adotaiamazonia.com.br\/en\/dia-da-arvore-conheca-aspectos-e-importancia-das-arvores\/\" class=\"tf-button bt_icon_after\">\r\n\t\t\t\t\t\t\t\t\t\t\tLeia Mais<i class=\"fas fa-angle-double-right\" aria-hidden=\"true\"><\/i> \r\n\t\t\t\t\t\t\t\t\t\t<\/a>\r\n\t\t\t\t\t\t\t\t\t<\/div>\r\n\t\t\t\t\t\t\t\t\t\t\t\t\t\t\r\n\t\t\t\t\t\t\t<\/div>\r\n\t\t\t\t\t\t\t\t\t\t\t\t\t\r\n\t\t\t\t\t<\/div>\r\n\t\t\t\t<\/div>\r\n\t\t\t\t\t\t\t\t\t\t\t<\/div>\r\n\t\t\t\t\r\n\t\t\t\t\t\t<nav class=\"navigation navigation-numeric-link\" role=\"navigation\">\r\n\t\t\t\t<div class=\"pagination loop-pagination left\">\r\n\t\t\t\t\t\t\t\t<\/div>\r\n\t\t\t<\/nav>\r\n\t\t\t\t\t<\/div>\r\n\r\n\t\t\t\t<\/div>\n\t\t\t\t<\/div>\n\t\t\t\t\t<\/div>\n\t\t\t\t<\/div>\n\t\t\t\t<\/div>","protected":false},"excerpt":{"rendered":"<p>Blog \u00daltimas not\u00edcias e atualiza\u00e7\u00f5es Projeto \u2018Adote uma \u00e1rvore\u2019 ser\u00e1 desenvolvido na comunidade Faveira, em Moju\u00ed dos Campos O projeto \u2018Adote uma \u00c1rvore\u2019 organizado pelo Instituto Terra Verde Brasil, est\u00e1 em fase de implanta\u00e7\u00e3o na comunidade de Faveira, no munic\u00edpio de Moju\u00ed dos Campos, regi\u00e3o Oeste do Par\u00e1.&hellip; Leia Mais M\u00eas da Amaz\u00f4nia Setembro marca [&hellip;]<\/p>","protected":false},"author":6,"featured_media":0,"parent":0,"menu_order":7,"comment_status":"closed","ping_status":"closed","template":"","meta":{"_acf_changed":false,"footnotes":""},"class_list":["post-1272","page","type-page","status-publish","hentry"],"acf":[],"_links":{"self":[{"href":"https:\/\/adotaiamazonia.com.br\/en\/wp-json\/wp\/v2\/pages\/1272","targetHints":{"allow":["GET"]}}],"collection":[{"href":"https:\/\/adotaiamazonia.com.br\/en\/wp-json\/wp\/v2\/pages"}],"about":[{"href":"https:\/\/adotaiamazonia.com.br\/en\/wp-json\/wp\/v2\/types\/page"}],"author":[{"embeddable":true,"href":"https:\/\/adotaiamazonia.com.br\/en\/wp-json\/wp\/v2\/users\/6"}],"replies":[{"embeddable":true,"href":"https:\/\/adotaiamazonia.com.br\/en\/wp-json\/wp\/v2\/comments?post=1272"}],"version-history":[{"count":12,"href":"https:\/\/adotaiamazonia.com.br\/en\/wp-json\/wp\/v2\/pages\/1272\/revisions"}],"predecessor-version":[{"id":1797,"href":"https:\/\/adotaiamazonia.com.br\/en\/wp-json\/wp\/v2\/pages\/1272\/revisions\/1797"}],"wp:attachment":[{"href":"https:\/\/adotaiamazonia.com.br\/en\/wp-json\/wp\/v2\/media?parent=1272"}],"curies":[{"name":"wp","href":"https:\/\/api.w.org\/{rel}","templated":true}]}}